{"id":1130,"date":"2022-12-12T16:12:18","date_gmt":"2022-12-12T19:12:18","guid":{"rendered":"https:\/\/isfdyt134-bue.infd.edu.ar\/sitio\/?page_id=1130"},"modified":"2025-11-07T21:21:32","modified_gmt":"2025-11-08T00:21:32","slug":"unidad-academica","status":"publish","type":"page","link":"https:\/\/isfdyt134-bue.infd.edu.ar\/sitio\/unidad-academica\/","title":{"rendered":"Unidad Acad\u00e9mica"},"content":{"rendered":"\n<p class=\"has-text-align-center\" style=\"font-size:34px\"><strong>Autoridades <\/strong><\/p>\n\n\n\n<div class=\"wp-block-columns is-layout-flex wp-container-4\">\n<div class=\"wp-block-column is-layout-flow\">\n<p class=\"has-text-align-center\"><strong>Evangelina Calle<\/strong><br>Directora<\/p>\n<\/div>\n\n\n\n<div class=\"wp-block-column is-layout-flow\">\n<p class=\"has-text-align-center\"><strong>Paula Lauria<\/strong><br>Vicedirectora<\/p>\n<\/div>\n\n\n\n<div class=\"wp-block-column is-layout-flow\">\n<p class=\"has-text-align-center\"><strong>Rocio Grecio<\/strong><br>Secretaria<\/p>\n<\/div>\n<\/div>\n\n\n\n<div class=\"wp-block-columns has-contrast-3-background-color has-background is-layout-flex wp-container-18\" style=\"border-width:5px;border-radius:20px\">\n<div class=\"wp-block-column is-style-default is-layout-flow\">\n<details class=\"wp-block-details\"><summary>Conoc\u00e9 un poco de los or\u00edgenes de nuestro Instituto<\/summary>\n\n<div class=\"wp-block-columns has-background is-layout-flex wp-container-6\" style=\"border-radius:20px;background:linear-gradient(120deg,rgba(6,147,227,1) 0%,rgb(155,81,224) 100%)\">\n\n<div class=\"wp-block-column is-layout-flow\">\n\n<p>En el momento de la fundaci\u00f3n de la Escuela Normal, a\u00f1o 1910, las calles del pueblo eran de arena, flanqueadas por frondosos arces y solamente circulaban veh\u00edculos a tracci\u00f3n a sangre, que era el medio de movilidad m\u00e1s eficaz.<\/p>\n\n\n<figure class=\"wp-block-image size-medium\"><img decoding=\"async\" src=\"https:\/\/isfdyt134-bue.infd.edu.ar\/sitio\/wp-content\/uploads\/2025\/09\/ENAL-en-costruccion-scaled.jpg?w=300\" alt=\"\" class=\"wp-image-137\" style=\"aspect-ratio:3\/2;object-\nfit:cover\"><\/figure>\n\n<\/div>\n\n<\/div>\n\n\n<div class=\"wp-block-columns has-background is-layout-flex wp-container-8\" style=\"border-radius:20px;background:linear-gradient(120deg,rgba(6,147,227,1) 0%,rgb(155,81,224) 100%)\">\n\n<div class=\"wp-block-column is-layout-flow\">\n\n<p>La Escuela Normal fue creada por el Poder Ejecutivo el 5 de enero de 1910, fue inaugurada el 15 de marzo de 1910 y las clases comenzaron el 1 de abril.<br>En el curso de Aplicaci\u00f3n funcionaban 8 grados y un solo 1<strong>\u00b0 <\/strong>a\u00f1o formado por alumnos provenientes de la Escuela Complementaria provincial<\/p>\n\n\n<figure class=\"wp-block-image size-medium\"><img decoding=\"async\" src=\"https:\/\/isfdyt134-bue.infd.edu.ar\/sitio\/wp-content\/uploads\/2025\/10\/enal-desde-arriba.jpg?w=300\" alt=\"\" class=\"wp-image-121\" style=\"aspect-ratio:3\/2;object-fit:cover\"><\/figure>\n\n\n<figure class=\"wp-block-image size-large\"><img decoding=\"async\" src=\"https:\/\/isfdyt134-bue.infd.edu.ar\/sitio\/wp-content\/uploads\/2025\/11\/Patio-antiguo-scaled.jpg\" alt=\"\" style=\"aspect-ratio:3\/2;object-fit:cover\"><\/figure>\n\n<\/div>\n\n<\/div>\n\n\n<div class=\"wp-block-columns has-background is-layout-flex wp-container-10\" style=\"border-radius:20px;background:linear-gradient(120deg,rgba(6,147,227,1) 0%,rgb(155,81,224) 100%)\">\n\n<div class=\"wp-block-column is-layout-flow\">\n\n<p>Los trabajos de organizaci\u00f3n al fundarse la Escuela Normal estuvieron a cargo de su primer Director Don Manuel Sarsfield Escobar, quien tambi\u00e9n fuera director de la Escuela Complementaria.<\/p>\n\n\n<p>Celina Cabral de Balsa Naci\u00f3 en Mercedes el 26 de abril de 1887 lleg\u00f3 a Lincoln en 1910 para ocupar el cargo de Vicedirectora en la Escuela Normal que acababa de fundarse. Tuvo a su cargo la Regencia hasta 1911.<\/p>\n\n\n<figure class=\"wp-block-image size-large\"><img decoding=\"async\" src=\"https:\/\/isfdyt134-bue.infd.edu.ar\/sitio\/wp-content\/uploads\/2025\/11\/20251003_192804.jpg\" alt=\"\" style=\"aspect-ratio:3\/2;object-fit:cover\"><\/figure>\n\n\n<figure class=\"wp-block-image size-large\"><img decoding=\"async\" src=\"https:\/\/isfdyt134-bue.infd.edu.ar\/sitio\/wp-content\/uploads\/2025\/11\/emblemas-100-anos.jpg\" alt=\"\" style=\"aspect-ratio:3\/2;object-fit:cover\"><\/figure>\n\n<\/div>\n\n<\/div>\n\n\n<div class=\"wp-block-columns has-background is-layout-flex wp-container-12\" style=\"border-radius:20px;background:linear-gradient(120deg,rgba(6,147,227,1) 0%,rgb(155,81,224) 100%)\">\n\n<div class=\"wp-block-column is-layout-flow\">\n\n<p>Los primeros Profesores Argentinos fueron: Manuel Sarsfield de Escobar &#8211; Elvira V. Araclerio &#8211; Santiago Bravo &#8211; Adela Consiglio de Bravo &#8211; Arturo Luna Moreyra &#8211; Manuel Mild\u00f3neo Rearte &#8211; Ernesto Nogu\u00e9s &#8211; Celina Cabral de Balsa &#8211; Alejandra Rossif\u00f3n de Arabolaza &#8211; Ana Mar\u00eda Cometta &#8211; Mercedes Porfilio de Mondelli &#8211; Edelmira Cesana.<\/p>\n\n\n<p>Los Profesores Espa\u00f1oles fueron Jes\u00fas Garc\u00eda de Diego &#8211; Bartolom\u00e9 Zabalza &#8211; Rom\u00e1n Rodr\u00edguez de Vicente &#8211; Enrique Lens Viera &#8211; Isabel Ulla &#8211; Margarita Tilloy de Booth (nacida en Francia).<\/p>\n\n\n<figure class=\"wp-block-image size-medium\"><img decoding=\"async\" src=\"https:\/\/isfdyt134-bue.infd.edu.ar\/sitio\/wp-content\/uploads\/2025\/09\/Biblioteca-Uno-scaled.jpg\" alt=\"\" class=\"wp-image-132\" style=\"aspect-ratio:3\/2;object-fit:cover\"><\/figure>\n\n\n<figure class=\"wp-block-image size-large\"><img decoding=\"async\" src=\"https:\/\/isfdyt134-bue.infd.edu.ar\/sitio\/wp-content\/uploads\/2025\/11\/20251003_190447.jpg\" alt=\"\" style=\"aspect-ratio:3\/2;object-fit:cover\"><\/figure>\n\n<\/div>\n\n<\/div>\n\n\n<div class=\"wp-block-columns has-background is-layout-flex wp-container-14\" style=\"border-radius:20px;background:linear-gradient(120deg,rgba(6,147,227,1) 0%,rgb(155,81,224) 100%)\">\n\n<div class=\"wp-block-column is-layout-flow\">\n\n<p>La escuela Normal funcion\u00f3 desde 1910 en un edificio que la Provincia le facilitara en pr\u00e9stamo hasta 1936. Este edificio era de estilo Rorocco. el mismo ya no existe y desde 1937 funcion\u00f3 la Escuela N<strong>\u00b0<\/strong>2.<\/p>\n\n\n<p>Hacia fines de la d\u00e9cada del 20 se comenz\u00f3 a edificar el nuevo edificio en la calle Alem 1950, en un predio donado a tal fin por Don Eudoro Balsa y por la gesti\u00f3n del Doctor Julio Eduardo Garc\u00eda Tu\u00f1on.<\/p>\n\n\n<p>Fue inaugurado en 1937.<\/p>\n\n\n<figure class=\"wp-block-image size-large\"><img decoding=\"async\" src=\"https:\/\/isfdyt134-bue.infd.edu.ar\/sitio\/wp-content\/uploads\/2025\/11\/DSC_0715.jpg\" alt=\"\" style=\"aspect-ratio:3\/2;object-fit:cover\"><\/figure>\n\n\n<figure class=\"wp-block-image size-large\"><img decoding=\"async\" src=\"https:\/\/isfdyt134-bue.infd.edu.ar\/sitio\/wp-content\/uploads\/2025\/11\/DSC_0667.jpg\" alt=\"\" style=\"aspect-ratio:3\/2;object-fit:cover\"><\/figure>\n\n<\/div>\n\n<\/div>\n\n\n<div class=\"wp-block-columns has-background is-layout-flex wp-container-16\" style=\"border-radius:20px;background:linear-gradient(120deg,rgba(6,147,227,1) 0%,rgb(155,81,224) 100%)\">\n\n<div class=\"wp-block-column is-layout-flow\">\n\n<p>Nuestra escuela no permaneci\u00f3 indiferente a los cambios que en materia educativa se produc\u00edan en los distintos niveles, es por eso que en marzo de 1943 se oficializa el Jard\u00edn de Infantes. Fue el primer Jard\u00edn de nuestra ciudad y funcion\u00f3 sin oficializar durante el a\u00f1o 1942.<\/p>\n\n\n<figure class=\"wp-block-image size-large\"><img decoding=\"async\" src=\"https:\/\/isfdyt134-bue.infd.edu.ar\/sitio\/wp-content\/uploads\/2025\/11\/1000184433-01.jpeg\" alt=\"\" style=\"aspect-ratio:3\/2;object-fit:cover\"><\/figure>\n\n\n<figure class=\"wp-block-image size-large\"><img decoding=\"async\" src=\"https:\/\/isfdyt134-bue.infd.edu.ar\/sitio\/wp-content\/uploads\/2025\/11\/DSC_0590-2.jpg\" alt=\"\" style=\"aspect-ratio:3\/2;object-fit:cover\"><\/figure>\n\n<\/div>\n\n<\/div>\n\n<\/details>\n<\/div>\n<\/div>\n\n\n\n<div class=\"wp-block-columns is-layout-flex wp-container-31\">\n<div class=\"wp-block-column is-layout-flow\">\n<div class=\"wp-block-columns is-layout-flex wp-container-22\">\n<div class=\"wp-block-column has-contrast-3-background-color has-background has-small-font-size is-layout-flow\">\n<p><\/p>\n\n\n\n<p class=\"has-text-align-center has-large-font-size\"><strong>Nivel Superior<\/strong><\/p>\n\n\n<div class=\"wp-block-image is-style-default\">\n<figure class=\"aligncenter size-large\"><img decoding=\"async\" loading=\"lazy\" width=\"2048\" height=\"1171\" src=\"https:\/\/isfdyt134-bue.infd.edu.ar\/sitio\/wp-content\/uploads\/2025\/09\/1000184443-01.jpeg\" alt=\"\" class=\"wp-image-2577\" srcset=\"https:\/\/isfdyt134-bue.infd.edu.ar\/sitio\/wp-content\/uploads\/2025\/09\/1000184443-01.jpeg 2048w, https:\/\/isfdyt134-bue.infd.edu.ar\/sitio\/wp-content\/uploads\/2025\/09\/1000184443-01-1000x572.jpeg 1000w, https:\/\/isfdyt134-bue.infd.edu.ar\/sitio\/wp-content\/uploads\/2025\/09\/1000184443-01-1900x1086.jpeg 1900w, https:\/\/isfdyt134-bue.infd.edu.ar\/sitio\/wp-content\/uploads\/2025\/09\/1000184443-01-768x439.jpeg 768w, https:\/\/isfdyt134-bue.infd.edu.ar\/sitio\/wp-content\/uploads\/2025\/09\/1000184443-01-1536x878.jpeg 1536w\" sizes=\"(max-width: 2048px) 100vw, 2048px\" \/><\/figure><\/div>\n\n\n<p><\/p>\n\n\n\n<div class=\"wp-block-group is-content-justification-center is-nowrap is-layout-flex wp-container-20\">\n<div class=\"wp-block-buttons has-custom-font-size has-medium-font-size is-horizontal is-content-justification-center is-layout-flex wp-container-19\">\n<div class=\"wp-block-button\"><a class=\"wp-block-button__link has-contrast-background-color has-background wp-element-button\" href=\"https:\/\/isfdyt134-bue.infd.edu.ar\/sitio\/tecnicaturas\/\">Ver tecnicaturas<\/a><\/div>\n\n\n\n<div class=\"wp-block-button has-custom-font-size is-style-fill has-medium-font-size\"><a class=\"wp-block-button__link has-contrast-background-color has-background wp-element-button\" href=\"https:\/\/isfdyt134-bue.infd.edu.ar\/sitio\/profesorados\/\">Ver profesorados<\/a><\/div>\n\n\n\n<div class=\"wp-block-button has-custom-font-size is-style-fill has-medium-font-size\"><a class=\"wp-block-button__link has-contrast-background-color has-background wp-element-button\" href=\"https:\/\/isfdyt134-bue.infd.edu.ar\/sitio\/mesas-de-finales\/\">Ver finales<\/a><\/div>\n\n\n\n<div class=\"wp-block-button has-custom-font-size is-style-fill has-medium-font-size\"><a class=\"wp-block-button__link has-contrast-3-background-color has-background wp-element-button\">             <\/a><\/div>\n\n\n\n<div class=\"wp-block-button has-custom-font-size is-style-fill has-medium-font-size\"><a class=\"wp-block-button__link has-contrast-background-color has-background wp-element-button\" href=\"https:\/\/isfdyt134-bue.infd.edu.ar\/sitio\/nivel-superior\/\">M\u00e1s informaci\u00f3n<\/a><\/div>\n<\/div>\n<\/div>\n\n\n\n<p class=\"has-small-font-size\"><\/p>\n\n\n\n<p><\/p>\n<\/div>\n<\/div>\n\n\n\n<div class=\"wp-block-columns is-layout-flex wp-container-29\">\n<div class=\"wp-block-column has-contrast-3-background-color has-background is-layout-flow\">\n<p class=\"has-small-font-size\"><\/p>\n\n\n\n<p class=\"has-text-align-center has-medium-font-size\"><strong>Nivel Inicial<\/strong><\/p>\n\n\n<div class=\"wp-block-image\">\n<figure class=\"aligncenter size-full\"><img decoding=\"async\" loading=\"lazy\" width=\"610\" height=\"1084\" src=\"https:\/\/isfdyt134-bue.infd.edu.ar\/sitio\/wp-content\/uploads\/2025\/05\/jardin.jpg\" alt=\"\" class=\"wp-image-2205\" srcset=\"https:\/\/isfdyt134-bue.infd.edu.ar\/sitio\/wp-content\/uploads\/2025\/05\/jardin.jpg 610w, https:\/\/isfdyt134-bue.infd.edu.ar\/sitio\/wp-content\/uploads\/2025\/05\/jardin-563x1000.jpg 563w\" sizes=\"(max-width: 610px) 100vw, 610px\" \/><\/figure><\/div>\n\n\n<p><\/p>\n\n\n\n<div class=\"wp-block-buttons is-content-justification-center is-layout-flex wp-container-23\">\n<div class=\"wp-block-button\"><a class=\"wp-block-button__link has-contrast-background-color has-background has-text-align-left wp-element-button\" href=\"https:\/\/isfdyt134-bue.infd.edu.ar\/sitio\/nivel-inicial\/\">M\u00e1s informaci\u00f3n<\/a><\/div>\n<\/div>\n\n\n\n<p><\/p>\n<\/div>\n\n\n\n<div class=\"wp-block-column has-contrast-3-background-color has-background is-layout-flow\">\n<p class=\"has-small-font-size\"><\/p>\n\n\n\n<p class=\"has-text-align-center has-medium-font-size\"><strong>Nivel Primario<\/strong><\/p>\n\n\n<div class=\"wp-block-image\">\n<figure class=\"aligncenter size-large\"><img decoding=\"async\" loading=\"lazy\" width=\"1069\" height=\"1900\" src=\"https:\/\/isfdyt134-bue.infd.edu.ar\/sitio\/wp-content\/uploads\/2025\/05\/primaria-1069x1900.jpg\" alt=\"\" class=\"wp-image-2206\" srcset=\"https:\/\/isfdyt134-bue.infd.edu.ar\/sitio\/wp-content\/uploads\/2025\/05\/primaria-1069x1900.jpg 1069w, https:\/\/isfdyt134-bue.infd.edu.ar\/sitio\/wp-content\/uploads\/2025\/05\/primaria-563x1000.jpg 563w, https:\/\/isfdyt134-bue.infd.edu.ar\/sitio\/wp-content\/uploads\/2025\/05\/primaria-768x1365.jpg 768w, https:\/\/isfdyt134-bue.infd.edu.ar\/sitio\/wp-content\/uploads\/2025\/05\/primaria-864x1536.jpg 864w, https:\/\/isfdyt134-bue.infd.edu.ar\/sitio\/wp-content\/uploads\/2025\/05\/primaria-1152x2048.jpg 1152w, https:\/\/isfdyt134-bue.infd.edu.ar\/sitio\/wp-content\/uploads\/2025\/05\/primaria-scaled.jpg 1440w\" sizes=\"(max-width: 1069px) 100vw, 1069px\" \/><\/figure><\/div>\n\n\n<p><\/p>\n\n\n\n<div class=\"wp-block-buttons is-content-justification-center is-layout-flex wp-container-25\">\n<div class=\"wp-block-button\"><a class=\"wp-block-button__link has-contrast-background-color has-background wp-element-button\" href=\"https:\/\/isfdyt134-bue.infd.edu.ar\/sitio\/nivel-primario-2\/\">M\u00e1s informaci\u00f3n<\/a><\/div>\n<\/div>\n\n\n\n<p><\/p>\n<\/div>\n\n\n\n<div class=\"wp-block-column has-contrast-3-background-color has-background is-layout-flow\">\n<p class=\"has-small-font-size\"><\/p>\n\n\n\n<p class=\"has-text-align-center has-medium-font-size\"><strong>Nivel Secundario<\/strong><\/p>\n\n\n<div class=\"wp-block-image\">\n<figure class=\"aligncenter size-full\"><img decoding=\"async\" loading=\"lazy\" width=\"412\" height=\"731\" src=\"https:\/\/isfdyt134-bue.infd.edu.ar\/sitio\/wp-content\/uploads\/2025\/05\/DSC_0713-1.jpg\" alt=\"\" class=\"wp-image-2210\"\/><\/figure><\/div>\n\n\n<p><\/p>\n\n\n\n<div class=\"wp-block-buttons is-content-justification-center is-layout-flex wp-container-27\">\n<div class=\"wp-block-button\"><a class=\"wp-block-button__link has-contrast-background-color has-background wp-element-button\" href=\"https:\/\/isfdyt134-bue.infd.edu.ar\/sitio\/nivel-secundario-2\/\">M\u00e1s informaci\u00f3n<\/a><\/div>\n<\/div>\n\n\n\n<p><\/p>\n<\/div>\n<\/div>\n<\/div>\n<\/div>\n\n\n\n<p><\/p>\n","protected":false},"excerpt":{"rendered":"<p>Autoridades Evangelina CalleDirectora Paula LauriaVicedirectora Rocio GrecioSecretaria Nivel Superior Nivel Inicial Nivel Primario Nivel Secundario<\/p>\n","protected":false},"author":897,"featured_media":0,"parent":0,"menu_order":1,"comment_status":"closed","ping_status":"closed","template":"","meta":[],"acf":[],"_links":{"self":[{"href":"https:\/\/isfdyt134-bue.infd.edu.ar\/sitio\/wp-json\/wp\/v2\/pages\/1130"}],"collection":[{"href":"https:\/\/isfdyt134-bue.infd.edu.ar\/sitio\/wp-json\/wp\/v2\/pages"}],"about":[{"href":"https:\/\/isfdyt134-bue.infd.edu.ar\/sitio\/wp-json\/wp\/v2\/types\/page"}],"author":[{"embeddable":true,"href":"https:\/\/isfdyt134-bue.infd.edu.ar\/sitio\/wp-json\/wp\/v2\/users\/897"}],"replies":[{"embeddable":true,"href":"https:\/\/isfdyt134-bue.infd.edu.ar\/sitio\/wp-json\/wp\/v2\/comments?post=1130"}],"version-history":[{"count":14,"href":"https:\/\/isfdyt134-bue.infd.edu.ar\/sitio\/wp-json\/wp\/v2\/pages\/1130\/revisions"}],"predecessor-version":[{"id":2762,"href":"https:\/\/isfdyt134-bue.infd.edu.ar\/sitio\/wp-json\/wp\/v2\/pages\/1130\/revisions\/2762"}],"wp:attachment":[{"href":"https:\/\/isfdyt134-bue.infd.edu.ar\/sitio\/wp-json\/wp\/v2\/media?parent=1130"}],"curies":[{"name":"wp","href":"https:\/\/api.w.org\/{rel}","templated":true}]}}