{"id":1139,"date":"2023-06-15T16:52:25","date_gmt":"2023-06-15T19:52:25","guid":{"rendered":"https:\/\/isfdyt134-bue.infd.edu.ar\/sitio\/?page_id=1139"},"modified":"2025-10-31T20:03:53","modified_gmt":"2025-10-31T23:03:53","slug":"nivel-secundario","status":"publish","type":"page","link":"https:\/\/isfdyt134-bue.infd.edu.ar\/sitio\/nivel-secundario\/","title":{"rendered":"Alumnos"},"content":{"rendered":"\n<p>Planilla de solicitud de equivalencia por asignatura: <\/p>\n\n\n\n<div class=\"wp-block-buttons is-layout-flex\">\n<div class=\"wp-block-button\"><a class=\"wp-block-button__link wp-element-button\" href=\"https:\/\/isfdyt134-bue.infd.edu.ar\/sitio\/wp-content\/uploads\/2024\/04\/equivalencias-asignatura.pdf\">Descargar<\/a><\/div>\n<\/div>\n\n\n\n<p>Planilla de solicitud de equivalencias para varias asignaturas (resumen):<\/p>\n\n\n\n<div class=\"wp-block-buttons is-layout-flex\">\n<div class=\"wp-block-button\"><a class=\"wp-block-button__link wp-element-button\" href=\"https:\/\/isfdyt134-bue.infd.edu.ar\/sitio\/wp-content\/uploads\/2024\/04\/equivalencia-Resumen.pdf\">Descargar<\/a><\/div>\n<\/div>\n\n\n\n<p style=\"background-color: #2282c1; color: #ffffff; padding: 5px 10px; border-radius: 3px; text-align: center;\">\n        INFORMACION PARA ESTUDIANTES INGRESANTES\n    <\/p>\n\n\n\n<ul>\n<li>A partir de 2\u00b0 a\u00f1o deben matricularse para cursar las materias que deseen o habilite el sistema (de acuerdo a la situaci\u00f3n acad\u00e9mica de cada alumno).<\/li>\n\n\n\n<li>Deben tener el legajo completo, PRINCIPALMENTE LA FOTOCOPIA DEL T\u00cdTULO SECUNDARIO.<\/li>\n\n\n\n<li>Los certificados para diferentes tr\u00e1mites deben solicitarse v\u00eda MAIL (134.estudiantes@gmail.com) o PERSONALMENTE en preceptoria de lunes a viernes de 18 a 22:30 hs.<\/li>\n\n\n\n<li>En 1\u00b0 a\u00f1o son ALUMNOS INGRESANTES. Ser\u00e1n ALUMNOS REGULARES cu\u00e1ndo acrediten AL MENOS UNA MATERIA en el a\u00f1o, o sea, aprueben cursada y ex\u00e1men final. En el caso de la carreras que tienen materias por tramos, deber\u00e1n acreditar AMBOS TRAMOS.<\/li>\n\n\n\n<li>Durante los meses de MAYO y JUNIO podr\u00e1n solicitar la LIBRETA DEL ESTUDIANTE, en la cu\u00e1l se asentar\u00e1n las cursadas y finales rendidos.<\/li>\n\n\n\n<li>Chequear la p\u00e1gina <a href=\"https:\/\/isfdyt134-bue.infd.edu.ar\/sitio\/unidad-academica\/\">https:\/\/isfdyt134-bue.infd.edu.ar\/sitio<\/a> regularmente o estar atentos a la cartelera en preceptoria d\u00f3nde se informar\u00e1 los profesores ausentes, cobertura de c\u00e1tedras, fechas de inscripciones u otra info importante.<\/li>\n<\/ul>\n\n\n\n<p style=\"background-color: #2282c1; color: #ffffff; padding: 5px 10px; border-radius: 3px; text-align: center;\">\n       INFORMACION PARA ESTUDIANTES DE 2\u00b0 A 4\u00b0 PROFESORADOS Y 2\u00b0\/3\u00b0 TECNICATURAS\n    <\/p>\n\n\n\n<ul>\n<li>A partir de 2\u00b0 a\u00f1o deben matricularse para cursar las materias que deseen o habilite el sistema (de acuerdo a la situaci\u00f3n acad\u00e9mica de cada alumno). TODOS LOS A\u00d1OS DEBEN MATRICULARSE.<\/li>\n\n\n\n<li>Deben tener el legajo completo, PRINCIPALMENTE LA FOTOCOPIA DEL T\u00cdTULO SECUNDARIO. De lo contrario no podr\u00e1n inscribirse en mesas de ex\u00e1men final.<\/li>\n\n\n\n<li>Los certificados para diferentes tr\u00e1mites deben solicitarse v\u00eda MAIL (134.estudiantes@gmail.com) o PERSONALMENTE en preceptoria de lunes a viernes de 18 a 22:30 hs.<\/li>\n\n\n\n<li>Ser\u00e1n ALUMNOS REGULARES cu\u00e1ndo acrediten AL MENOS UNA MATERIA en el a\u00f1o, o sea, aprueben cursada y ex\u00e1men final. O s\u00f3lo final para aquellos alumnos que finalizaron la cursada<\/li>\n\n\n\n<li>Chequear la p\u00e1gina <a href=\"https:\/\/isfdyt134-bue.infd.edu.ar\/sitio\/unidad-academica\/\">https:\/\/isfdyt134-bue.infd.edu.ar\/sitio<\/a> regularmente o estar atentos a la cartelera en preceptoria d\u00f3nde se informar\u00e1 los profesores ausentes, cobertura de c\u00e1tedras, fechas de inscripciones u otra info importante.<\/li>\n<\/ul>\n","protected":false},"excerpt":{"rendered":"<p>Planilla de solicitud de equivalencia por asignatura: Planilla de solicitud de equivalencias para varias asignaturas (resumen): INFORMACION PARA ESTUDIANTES INGRESANTES INFORMACION PARA ESTUDIANTES DE 2\u00b0 A 4\u00b0 PROFESORADOS Y 2\u00b0\/3\u00b0 TECNICATURAS<\/p>\n","protected":false},"author":897,"featured_media":0,"parent":0,"menu_order":0,"comment_status":"closed","ping_status":"closed","template":"","meta":[],"acf":[],"_links":{"self":[{"href":"https:\/\/isfdyt134-bue.infd.edu.ar\/sitio\/wp-json\/wp\/v2\/pages\/1139"}],"collection":[{"href":"https:\/\/isfdyt134-bue.infd.edu.ar\/sitio\/wp-json\/wp\/v2\/pages"}],"about":[{"href":"https:\/\/isfdyt134-bue.infd.edu.ar\/sitio\/wp-json\/wp\/v2\/types\/page"}],"author":[{"embeddable":true,"href":"https:\/\/isfdyt134-bue.infd.edu.ar\/sitio\/wp-json\/wp\/v2\/users\/897"}],"replies":[{"embeddable":true,"href":"https:\/\/isfdyt134-bue.infd.edu.ar\/sitio\/wp-json\/wp\/v2\/comments?post=1139"}],"version-history":[{"count":6,"href":"https:\/\/isfdyt134-bue.infd.edu.ar\/sitio\/wp-json\/wp\/v2\/pages\/1139\/revisions"}],"predecessor-version":[{"id":1604,"href":"https:\/\/isfdyt134-bue.infd.edu.ar\/sitio\/wp-json\/wp\/v2\/pages\/1139\/revisions\/1604"}],"wp:attachment":[{"href":"https:\/\/isfdyt134-bue.infd.edu.ar\/sitio\/wp-json\/wp\/v2\/media?parent=1139"}],"curies":[{"name":"wp","href":"https:\/\/api.w.org\/{rel}","templated":true}]}}