{"id":1141,"date":"2023-06-15T16:52:09","date_gmt":"2023-06-15T19:52:09","guid":{"rendered":"https:\/\/isfdyt134-bue.infd.edu.ar\/sitio\/?page_id=1141"},"modified":"2025-10-31T20:06:18","modified_gmt":"2025-10-31T23:06:18","slug":"nivel-primario","status":"publish","type":"page","link":"https:\/\/isfdyt134-bue.infd.edu.ar\/sitio\/nivel-primario\/","title":{"rendered":"Docentes"},"content":{"rendered":"\n<p>Planilla de Declaraci\u00f3n Jurada de M\u00f3dulos y Cargos &#8211; D1:<\/p>\n\n\n\n<div class=\"wp-block-buttons is-layout-flex\">\n<div class=\"wp-block-button\"><a class=\"wp-block-button__link wp-element-button\" href=\"https:\/\/isfdyt134-bue.infd.edu.ar\/sitio\/wp-content\/uploads\/2024\/04\/DDJJ-Modulos-y-Cargos-D1.doc\">Descargar<\/a><\/div>\n<\/div>\n\n\n\n<p>Planilla de Calificaci\u00f3n Docente &#8211; SET4:<\/p>\n\n\n\n<div class=\"wp-block-buttons is-layout-flex\">\n<div class=\"wp-block-button\"><a class=\"wp-block-button__link wp-element-button\" href=\"https:\/\/isfdyt134-bue.infd.edu.ar\/sitio\/wp-content\/uploads\/2024\/04\/CAL-DOC-SET-4.doc\">Descargar<\/a><\/div>\n<\/div>\n\n\n\n<p>Planilla de Renuncia por causas particulares (exclusivamente titulares):<\/p>\n\n\n\n<div class=\"wp-block-buttons is-layout-flex\">\n<div class=\"wp-block-button\"><a class=\"wp-block-button__link wp-element-button\" href=\"https:\/\/isfdyt134-bue.infd.edu.ar\/sitio\/wp-content\/uploads\/2024\/04\/planilla-renuncia-titular-D7a.pdf\">Descargar<\/a><\/div>\n<\/div>\n\n\n\n<p>Planilla de Renuncia a m\u00f3dulos y\/o horas c\u00e1tedra provisionales o suplentes:<\/p>\n\n\n\n<div class=\"wp-block-buttons is-layout-flex\">\n<div class=\"wp-block-button\"><a class=\"wp-block-button__link wp-element-button\" href=\"https:\/\/isfdyt134-bue.infd.edu.ar\/sitio\/wp-content\/uploads\/2024\/04\/planilla-renuncia-provisional-y-suplente-D7b.pdf\">Descargar<\/a><\/div>\n<\/div>\n\n\n\n<p>Planilla Registro de avance acad\u00e9mico de los Alumnos:<\/p>\n\n\n\n<div class=\"wp-block-buttons is-layout-flex\">\n<div class=\"wp-block-button\"><a class=\"wp-block-button__link wp-element-button\" href=\"https:\/\/isfdyt134-bue.infd.edu.ar\/sitio\/wp-content\/uploads\/2024\/04\/avance_academico_alumno.doc\">Descargar<\/a><\/div>\n<\/div>\n","protected":false},"excerpt":{"rendered":"<p>Planilla de Declaraci\u00f3n Jurada de M\u00f3dulos y Cargos &#8211; D1: Planilla de Calificaci\u00f3n Docente &#8211; SET4: Planilla de Renuncia por causas particulares (exclusivamente titulares): Planilla de Renuncia a m\u00f3dulos y\/o horas c\u00e1tedra provisionales o suplentes: Planilla Registro de avance acad\u00e9mico de los Alumnos:<\/p>\n","protected":false},"author":897,"featured_media":0,"parent":0,"menu_order":0,"comment_status":"closed","ping_status":"closed","template":"","meta":[],"acf":[],"_links":{"self":[{"href":"https:\/\/isfdyt134-bue.infd.edu.ar\/sitio\/wp-json\/wp\/v2\/pages\/1141"}],"collection":[{"href":"https:\/\/isfdyt134-bue.infd.edu.ar\/sitio\/wp-json\/wp\/v2\/pages"}],"about":[{"href":"https:\/\/isfdyt134-bue.infd.edu.ar\/sitio\/wp-json\/wp\/v2\/types\/page"}],"author":[{"embeddable":true,"href":"https:\/\/isfdyt134-bue.infd.edu.ar\/sitio\/wp-json\/wp\/v2\/users\/897"}],"replies":[{"embeddable":true,"href":"https:\/\/isfdyt134-bue.infd.edu.ar\/sitio\/wp-json\/wp\/v2\/comments?post=1141"}],"version-history":[{"count":4,"href":"https:\/\/isfdyt134-bue.infd.edu.ar\/sitio\/wp-json\/wp\/v2\/pages\/1141\/revisions"}],"predecessor-version":[{"id":1456,"href":"https:\/\/isfdyt134-bue.infd.edu.ar\/sitio\/wp-json\/wp\/v2\/pages\/1141\/revisions\/1456"}],"wp:attachment":[{"href":"https:\/\/isfdyt134-bue.infd.edu.ar\/sitio\/wp-json\/wp\/v2\/media?parent=1141"}],"curies":[{"name":"wp","href":"https:\/\/api.w.org\/{rel}","templated":true}]}}