{"id":1282,"date":"2023-11-07T21:40:52","date_gmt":"2023-11-08T00:40:52","guid":{"rendered":"https:\/\/isfdyt134-bue.infd.edu.ar\/sitio\/?page_id=1282"},"modified":"2025-10-22T08:18:23","modified_gmt":"2025-10-22T11:18:23","slug":"oferta-academica-2024","status":"publish","type":"page","link":"https:\/\/isfdyt134-bue.infd.edu.ar\/sitio\/oferta-academica-2024\/","title":{"rendered":"Oferta Acad\u00e9mica 2026"},"content":{"rendered":"\n<div class=\"wp-block-columns is-layout-flex wp-container-16\" style=\"padding-top:0;padding-bottom:0\">\n<div class=\"wp-block-column has-background is-layout-flow\" style=\"border-style:none;border-width:0px;border-radius:10px;background-color:#c6c6c6;padding-top:var(--wp--preset--spacing--30);padding-right:var(--wp--preset--spacing--30);padding-bottom:var(--wp--preset--spacing--30);padding-left:var(--wp--preset--spacing--30)\">\n<details class=\"wp-block-details\"><summary>Profesorados<\/summary>\n\n<div class=\"wp-block-columns is-layout-flex wp-container-7\">\n\n<div class=\"wp-block-column has-accent-5-background-color has-background is-layout-flow\" style=\"border-radius:15px;padding-top:var(--wp--preset--spacing--20);padding-right:var(--wp--preset--spacing--20);padding-bottom:var(--wp--preset--spacing--20);padding-left:var(--wp--preset--spacing--20)\">\n\n<p class=\"has-text-align-center\">Biolog\u00eda<\/p>\n\n\n<div class=\"wp-block-buttons is-content-justification-center is-layout-flex wp-container-1\">\n\n<div class=\"wp-block-button\"><a class=\"wp-block-button__link has-small-font-size has-text-align-center has-custom-font-size wp-element-button\" href=\"https:\/\/isfdyt134-bue.infd.edu.ar\/sitio\/biologia\/\">M\u00e1s Info<\/a><\/div>\n\n<\/div>\n\n<\/div>\n\n\n<div class=\"wp-block-column has-accent-5-background-color has-background is-layout-flow\" style=\"border-radius:15px;padding-top:var(--wp--preset--spacing--20);padding-right:var(--wp--preset--spacing--20);padding-bottom:var(--wp--preset--spacing--20);padding-left:var(--wp--preset--spacing--20)\">\n\n<p class=\"has-text-align-center\">Historia<\/p>\n\n\n<div class=\"wp-block-buttons is-content-justification-center is-layout-flex wp-container-3\">\n\n<div class=\"wp-block-button\"><a class=\"wp-block-button__link has-small-font-size has-text-align-center has-custom-font-size wp-element-button\" href=\"https:\/\/isfdyt134-bue.infd.edu.ar\/sitio\/historia\/\">M\u00e1s Info<\/a><\/div>\n\n<\/div>\n\n<\/div>\n\n\n<div class=\"wp-block-column has-accent-5-background-color has-background is-layout-flow\" style=\"border-radius:15px;padding-top:var(--wp--preset--spacing--20);padding-right:var(--wp--preset--spacing--20);padding-bottom:var(--wp--preset--spacing--20);padding-left:var(--wp--preset--spacing--20)\">\n\n<p class=\"has-text-align-center\">Ingl\u00e9s<\/p>\n\n\n<div class=\"wp-block-buttons is-content-justification-center is-layout-flex wp-container-5\">\n\n<div class=\"wp-block-button\"><a class=\"wp-block-button__link has-small-font-size has-custom-font-size wp-element-button\" href=\"https:\/\/isfdyt134-bue.infd.edu.ar\/sitio\/ingles\/\">M\u00e1s Info<\/a><\/div>\n\n<\/div>\n\n<\/div>\n\n<\/div>\n\n\n<div class=\"wp-block-columns is-layout-flex wp-container-14\">\n\n<div class=\"wp-block-column has-accent-5-background-color has-background is-layout-flow\" style=\"border-radius:15px;padding-top:var(--wp--preset--spacing--20);padding-right:var(--wp--preset--spacing--20);padding-bottom:var(--wp--preset--spacing--20);padding-left:var(--wp--preset--spacing--20)\">\n\n<p class=\"has-text-align-center\">Lengua y Literatura<\/p>\n\n\n<div class=\"wp-block-buttons is-content-justification-center is-layout-flex wp-container-8\">\n\n<div class=\"wp-block-button\"><a class=\"wp-block-button__link has-small-font-size has-text-align-center has-custom-font-size wp-element-button\" href=\"https:\/\/isfdyt134-bue.infd.edu.ar\/sitio\/lengua-y-literatura\/\">M\u00e1s Info<\/a><\/div>\n\n<\/div>\n\n<\/div>\n\n\n<div class=\"wp-block-column has-accent-5-background-color has-background is-layout-flow\" style=\"border-radius:15px;padding-top:var(--wp--preset--spacing--20);padding-right:var(--wp--preset--spacing--20);padding-bottom:var(--wp--preset--spacing--20);padding-left:var(--wp--preset--spacing--20)\">\n\n<p class=\"has-text-align-center\">Matem\u00e1ticas<\/p>\n\n\n<div class=\"wp-block-buttons is-content-justification-center is-layout-flex wp-container-10\">\n\n<div class=\"wp-block-button\"><a class=\"wp-block-button__link has-small-font-size has-text-align-center has-custom-font-size wp-element-button\" href=\"https:\/\/isfdyt134-bue.infd.edu.ar\/sitio\/matematica\/\">M\u00e1s Info<\/a><\/div>\n\n<\/div>\n\n<\/div>\n\n\n<div class=\"wp-block-column has-accent-5-background-color has-background is-layout-flow\" style=\"border-radius:15px;padding-top:var(--wp--preset--spacing--20);padding-right:var(--wp--preset--spacing--20);padding-bottom:var(--wp--preset--spacing--20);padding-left:var(--wp--preset--spacing--20)\">\n\n<p class=\"has-text-align-center\">Geograf\u00eda<\/p>\n\n\n<div class=\"wp-block-buttons is-content-justification-center is-layout-flex wp-container-12\">\n\n<div class=\"wp-block-button\"><a class=\"wp-block-button__link has-small-font-size has-custom-font-size wp-element-button\" href=\"https:\/\/isfdyt134-bue.infd.edu.ar\/sitio\/geografia\/\">M\u00e1s Info<\/a><\/div>\n\n<\/div>\n\n<\/div>\n\n<\/div>\n\n<\/details>\n<\/div>\n<\/div>\n\n\n\n<div class=\"wp-block-columns is-layout-flex wp-container-28\" style=\"padding-top:0;padding-bottom:0\">\n<div class=\"wp-block-column has-background is-layout-flow\" style=\"border-style:none;border-width:0px;border-radius:10px;background-color:#c6c6c6;padding-top:var(--wp--preset--spacing--30);padding-right:var(--wp--preset--spacing--30);padding-bottom:var(--wp--preset--spacing--30);padding-left:var(--wp--preset--spacing--30)\">\n<details class=\"wp-block-details\"><summary>Tecnicaturas<\/summary>\n\n<div class=\"wp-block-columns is-layout-flex wp-container-23\">\n\n<div class=\"wp-block-column has-accent-5-background-color has-background is-layout-flow\" style=\"border-radius:15px;padding-top:var(--wp--preset--spacing--20);padding-right:var(--wp--preset--spacing--20);padding-bottom:var(--wp--preset--spacing--20);padding-left:var(--wp--preset--spacing--20)\">\n\n<p class=\"has-text-align-center\">An\u00e1lisis de Sistemas<\/p>\n\n\n<div class=\"wp-block-buttons is-content-justification-center is-layout-flex wp-container-17\">\n\n<div class=\"wp-block-button\"><a class=\"wp-block-button__link has-small-font-size has-text-align-center has-custom-font-size wp-element-button\" href=\"https:\/\/isfdyt134-bue.infd.edu.ar\/sitio\/analisis-de-sistemas\/\">M\u00e1s Info<\/a><\/div>\n\n<\/div>\n\n<\/div>\n\n\n<div class=\"wp-block-column has-accent-5-background-color has-background is-layout-flow\" style=\"border-radius:15px;padding-top:var(--wp--preset--spacing--20);padding-right:var(--wp--preset--spacing--20);padding-bottom:var(--wp--preset--spacing--20);padding-left:var(--wp--preset--spacing--20)\">\n\n<p class=\"has-text-align-center\">Producci\u00f3n Agr\u00edcola Ganadera<\/p>\n\n\n<div class=\"wp-block-buttons is-content-justification-center is-layout-flex wp-container-19\">\n\n<div class=\"wp-block-button\"><a class=\"wp-block-button__link has-small-font-size has-text-align-center has-custom-font-size wp-element-button\" href=\"https:\/\/isfdyt134-bue.infd.edu.ar\/sitio\/produccion-agricola-ganadera\/\">M\u00e1s Info<\/a><\/div>\n\n<\/div>\n\n<\/div>\n\n\n<div class=\"wp-block-column has-accent-5-background-color has-background is-layout-flow\" style=\"border-radius:15px;padding-top:var(--wp--preset--spacing--20);padding-right:var(--wp--preset--spacing--20);padding-bottom:var(--wp--preset--spacing--20);padding-left:var(--wp--preset--spacing--20)\">\n\n<p class=\"has-text-align-center\">Administraci\u00f3n Agropecuaria<\/p>\n\n\n<div class=\"wp-block-buttons is-content-justification-center is-layout-flex wp-container-21\">\n\n<div class=\"wp-block-button\"><a class=\"wp-block-button__link has-small-font-size has-custom-font-size wp-element-button\" href=\"https:\/\/isfdyt134-bue.infd.edu.ar\/sitio\/adm-agropecuaria\/\">M\u00e1s Info<\/a><\/div>\n\n<\/div>\n\n<\/div>\n\n<\/div>\n\n\n<div class=\"wp-block-columns is-layout-flex wp-container-26\">\n\n<div class=\"wp-block-column has-accent-5-background-color has-background is-layout-flow\" style=\"border-radius:15px;padding-top:var(--wp--preset--spacing--20);padding-right:var(--wp--preset--spacing--20);padding-bottom:var(--wp--preset--spacing--20);padding-left:var(--wp--preset--spacing--20)\">\n\n<p class=\"has-text-align-center\">Acompa\u00f1ante Terap\u00e9utico<\/p>\n\n\n<div class=\"wp-block-buttons is-content-justification-center is-layout-flex wp-container-24\">\n\n<div class=\"wp-block-button\"><a class=\"wp-block-button__link has-small-font-size has-text-align-center has-custom-font-size wp-element-button\" href=\"https:\/\/isfdyt134-bue.infd.edu.ar\/sitio\/acompanamiento-terapeutico\/\">M\u00e1s Info<\/a><\/div>\n\n<\/div>\n\n<\/div>\n\n<\/div>\n\n<\/details>\n<\/div>\n<\/div>\n\n\n\n<div class=\"wp-block-buttons is-layout-flex\"><\/div>\n\n\n\n<p style=\"background-color: #3d5f75; color: #ffffff; padding: 5px 10px; border-radius: 3px; text-align: center;\">\n        Formulario de pre-inscripci\u00f3n:\n    <\/p>\n\n\n\n<div class=\"wp-block-buttons is-content-justification-center is-layout-flex wp-container-30\">\n<div class=\"wp-block-button is-style-fill\"><a class=\"wp-block-button__link has-accent-background-color has-background wp-element-button\" href=\"https:\/\/forms.gle\/niYsDsaxC5zkitW2A\" target=\"_blank\" rel=\"noreferrer noopener\">Completar<\/a><\/div>\n<\/div>\n\n\n\n<p style=\"background-color: #3d5f75; color: #ffffff; padding: 5px 10px; border-radius: 3px; text-align: center;\">\n        Los requisitos de ingreso son:\n    <\/p>\n\n\n\n<ul>\n<li>Haber completado los estudios de Nivel Secundario.<\/li>\n\n\n\n<li>Inscribirse en tiempo y forma<\/li>\n\n\n\n<li>Acreditar el Curso de ingreso no eliminatorio<\/li>\n<\/ul>\n\n\n\n<p class=\"has-text-align-center\"><strong>Descargar Planilla de inscripci\u00f3n:<\/strong><\/p>\n\n\n\n<div class=\"wp-block-buttons is-content-justification-center is-layout-flex wp-container-31\">\n<div class=\"wp-block-button\"><a class=\"wp-block-button__link has-accent-background-color has-background wp-element-button\" href=\"https:\/\/isfdyt134-bue.infd.edu.ar\/sitio\/wp-content\/uploads\/2023\/12\/Formacion-Docente-inicial-Tecnica-y-Artistica-Planilla-de-inscripcion-Educacion-Superior.pdf\" target=\"_blank\" rel=\"noreferrer noopener\">Descargar<\/a><\/div>\n<\/div>\n\n\n\n<p style=\"background-color: #3d5f75; color: #ffffff; padding: 5px 10px; border-radius: 3px; text-align: center;\">\n        Documentaci\u00f3n requerida que acompa\u00f1e la Planilla de Inscripci\u00f3n:\n    <\/p>\n\n\n\n<ul>\n<li>2 Fotos 4&#215;4<\/li>\n\n\n\n<li>Fotocopia de DNI (1\u00ba y 2\u00ba hoja)<\/li>\n\n\n\n<li>Fotocopia de Partida de Nacimiento<\/li>\n\n\n\n<li>Fotocopia de T\u00edtulo secundario completo, en su defecto, certificado de T\u00edtulo en tr\u00e1mite sin adeudar materias, o certificado de alumno de nivel secundario con el detalle de materias pendientes de acreditaci\u00f3n en ese nivel.<\/li>\n\n\n\n<li>Certificado m\u00e9dico.<\/li>\n\n\n\n<li>Certificado de Otorrinolaringologo (solo para profesorados).<\/li>\n<\/ul>\n\n\n\n<p>En el caso de adeudar materias de nivel secundario, podr\u00e1n cursar las unidades curriculares de la carrera elegida hasta el 30 de agosto de 2026.<\/p>\n\n\n\n<p>Para la acreditaci\u00f3n en mesas evaluadoras deber\u00e1n tener el certificado de T\u00edtulo en tr\u00e1mite con la constancia de NO adeudar espacios pendientes de Nivel Secundario.<\/p>\n","protected":false},"excerpt":{"rendered":"<p>Formulario de pre-inscripci\u00f3n: Los requisitos de ingreso son: Descargar Planilla de inscripci\u00f3n: Documentaci\u00f3n requerida que acompa\u00f1e la Planilla de Inscripci\u00f3n: En el caso de adeudar materias de nivel secundario, podr\u00e1n cursar las unidades curriculares de la carrera elegida hasta el 30 de agosto de 2026. Para la acreditaci\u00f3n en mesas evaluadoras deber\u00e1n tener el certificado &#8230; <a title=\"Oferta Acad\u00e9mica 2026\" class=\"read-more\" href=\"https:\/\/isfdyt134-bue.infd.edu.ar\/sitio\/oferta-academica-2024\/\" aria-label=\"More on Oferta Acad\u00e9mica 2026\">[+]<\/a><\/p>\n","protected":false},"author":1615,"featured_media":0,"parent":0,"menu_order":0,"comment_status":"closed","ping_status":"closed","template":"","meta":[],"acf":[],"_links":{"self":[{"href":"https:\/\/isfdyt134-bue.infd.edu.ar\/sitio\/wp-json\/wp\/v2\/pages\/1282"}],"collection":[{"href":"https:\/\/isfdyt134-bue.infd.edu.ar\/sitio\/wp-json\/wp\/v2\/pages"}],"about":[{"href":"https:\/\/isfdyt134-bue.infd.edu.ar\/sitio\/wp-json\/wp\/v2\/types\/page"}],"author":[{"embeddable":true,"href":"https:\/\/isfdyt134-bue.infd.edu.ar\/sitio\/wp-json\/wp\/v2\/users\/1615"}],"replies":[{"embeddable":true,"href":"https:\/\/isfdyt134-bue.infd.edu.ar\/sitio\/wp-json\/wp\/v2\/comments?post=1282"}],"version-history":[{"count":19,"href":"https:\/\/isfdyt134-bue.infd.edu.ar\/sitio\/wp-json\/wp\/v2\/pages\/1282\/revisions"}],"predecessor-version":[{"id":2678,"href":"https:\/\/isfdyt134-bue.infd.edu.ar\/sitio\/wp-json\/wp\/v2\/pages\/1282\/revisions\/2678"}],"wp:attachment":[{"href":"https:\/\/isfdyt134-bue.infd.edu.ar\/sitio\/wp-json\/wp\/v2\/media?parent=1282"}],"curies":[{"name":"wp","href":"https:\/\/api.w.org\/{rel}","templated":true}]}}