{"id":1612,"date":"2024-09-27T11:41:15","date_gmt":"2024-09-27T14:41:15","guid":{"rendered":"https:\/\/isfdyt134-bue.infd.edu.ar\/sitio\/?page_id=1612"},"modified":"2024-09-27T12:17:15","modified_gmt":"2024-09-27T15:17:15","slug":"cooperadora-comision-directiva","status":"publish","type":"page","link":"https:\/\/isfdyt134-bue.infd.edu.ar\/sitio\/cooperadora-comision-directiva\/","title":{"rendered":"Cooperadora &#8211; Comisi\u00f3n Directiva"},"content":{"rendered":"\n<p class=\"has-text-align-center has-large-font-size\"><strong>Comisi\u00f3n Directiva de la Cooperadora<\/strong><\/p>\n\n\n\n<div class=\"wp-block-columns is-layout-flex wp-container-4\">\n<div class=\"wp-block-column is-layout-flow\">\n<p class=\"has-text-align-center\" style=\"font-size:26px\">Gabriela Pis Fresno<br><strong>Presidente<\/strong><\/p>\n<\/div>\n\n\n\n<div class=\"wp-block-column is-layout-flow\">\n<p class=\"has-text-align-center\" style=\"font-size:26px\">Mar\u00eda Lorena P\u00e9rez<br><strong>Vicepresidente<\/strong><\/p>\n<\/div>\n\n\n\n<div class=\"wp-block-column is-layout-flow\">\n<p class=\"has-text-align-center\" style=\"font-size:26px\">Paula Gimena Lauria<br><strong>Secretaria<\/strong><\/p>\n<\/div>\n<\/div>\n\n\n\n<div class=\"wp-block-columns is-layout-flex wp-container-8\">\n<div class=\"wp-block-column is-layout-flow\">\n<p class=\"has-text-align-center\" style=\"font-size:26px\">Patricia Susana Moral<br><strong>Prosecretaria<\/strong><\/p>\n<\/div>\n\n\n\n<div class=\"wp-block-column is-layout-flow\">\n<p class=\"has-text-align-center\" style=\"font-size:26px\">Claudia Viviana Schenck<br><strong>Tesorera<\/strong><\/p>\n<\/div>\n\n\n\n<div class=\"wp-block-column is-layout-flow\">\n<p class=\"has-text-align-center\" style=\"font-size:26px\">Vanesa Judit Oberti<br><strong>Protesorera<\/strong><\/p>\n<\/div>\n<\/div>\n\n\n\n<div class=\"wp-block-columns is-layout-flex wp-container-12\">\n<div class=\"wp-block-column is-layout-flow\">\n<p class=\"has-text-align-center\" style=\"font-size:26px\">Miguel Cejas<br><strong>Vocal titular<\/strong><\/p>\n<\/div>\n\n\n\n<div class=\"wp-block-column is-layout-flow\">\n<p class=\"has-text-align-center\" style=\"font-size:26px\">Natalia Delia Gandini<br><strong>Vocal titular<\/strong><\/p>\n<\/div>\n\n\n\n<div class=\"wp-block-column is-layout-flow\">\n<p class=\"has-text-align-center\" style=\"font-size:26px\">Mariel Casanovas<br><strong>Vocal titular<\/strong><\/p>\n<\/div>\n<\/div>\n\n\n\n<div class=\"wp-block-columns is-layout-flex wp-container-16\">\n<div class=\"wp-block-column is-layout-flow\">\n<p class=\"has-text-align-center\" style=\"font-size:26px\">Mar\u00eda Fernanda Martinez<br><strong>Vocal suplente<\/strong><\/p>\n<\/div>\n\n\n\n<div class=\"wp-block-column is-layout-flow\">\n<p class=\"has-text-align-center\" style=\"font-size:26px\">Romina Lezcano<br><strong>Vocal suplente<\/strong><\/p>\n<\/div>\n\n\n\n<div class=\"wp-block-column is-layout-flow\">\n<p class=\"has-text-align-center\" style=\"font-size:26px\">Roc\u00edo Lira<br><strong>Vocal suplente<\/strong><\/p>\n<\/div>\n<\/div>\n\n\n\n<div class=\"wp-block-columns is-layout-flex wp-container-19\">\n<div class=\"wp-block-column is-layout-flow\">\n<p class=\"has-text-align-center\" style=\"font-size:26px\">Mart\u00edn Russo<br><strong>Revisor de cuentas docente<\/strong><\/p>\n<\/div>\n\n\n\n<div class=\"wp-block-column is-layout-flow\">\n<p class=\"has-text-align-center\" style=\"font-size:26px\"> Nancy Purini<br><strong>Revisor de cuentas titular<\/strong><\/p>\n<\/div>\n<\/div>\n\n\n\n<div class=\"wp-block-columns is-layout-flex wp-container-22\">\n<div class=\"wp-block-column is-layout-flow\">\n<p class=\"has-text-align-center\" style=\"font-size:26px\">Mariela Rodr\u00edguez<br><strong>Revisor de cuentas suplente<\/strong><\/p>\n<\/div>\n\n\n\n<div class=\"wp-block-column is-layout-flow\">\n<p class=\"has-text-align-center\" style=\"font-size:26px\">Evangelina Calle<br><strong>Asesor<\/strong><\/p>\n<\/div>\n<\/div>\n","protected":false},"excerpt":{"rendered":"<p>Comisi\u00f3n Directiva de la Cooperadora Gabriela Pis FresnoPresidente Mar\u00eda Lorena P\u00e9rezVicepresidente Paula Gimena LauriaSecretaria Patricia Susana MoralProsecretaria Claudia Viviana SchenckTesorera Vanesa Judit ObertiProtesorera Miguel CejasVocal titular Natalia Delia GandiniVocal titular Mariel CasanovasVocal titular Mar\u00eda Fernanda MartinezVocal suplente Romina LezcanoVocal suplente Roc\u00edo LiraVocal suplente Mart\u00edn RussoRevisor de cuentas docente Nancy PuriniRevisor de cuentas titular Mariela Rodr\u00edguezRevisor &#8230; <a title=\"Cooperadora &#8211; Comisi\u00f3n Directiva\" class=\"read-more\" href=\"https:\/\/isfdyt134-bue.infd.edu.ar\/sitio\/cooperadora-comision-directiva\/\" aria-label=\"More on Cooperadora &#8211; Comisi\u00f3n Directiva\">[+]<\/a><\/p>\n","protected":false},"author":1615,"featured_media":0,"parent":0,"menu_order":0,"comment_status":"closed","ping_status":"closed","template":"","meta":[],"acf":[],"_links":{"self":[{"href":"https:\/\/isfdyt134-bue.infd.edu.ar\/sitio\/wp-json\/wp\/v2\/pages\/1612"}],"collection":[{"href":"https:\/\/isfdyt134-bue.infd.edu.ar\/sitio\/wp-json\/wp\/v2\/pages"}],"about":[{"href":"https:\/\/isfdyt134-bue.infd.edu.ar\/sitio\/wp-json\/wp\/v2\/types\/page"}],"author":[{"embeddable":true,"href":"https:\/\/isfdyt134-bue.infd.edu.ar\/sitio\/wp-json\/wp\/v2\/users\/1615"}],"replies":[{"embeddable":true,"href":"https:\/\/isfdyt134-bue.infd.edu.ar\/sitio\/wp-json\/wp\/v2\/comments?post=1612"}],"version-history":[{"count":5,"href":"https:\/\/isfdyt134-bue.infd.edu.ar\/sitio\/wp-json\/wp\/v2\/pages\/1612\/revisions"}],"predecessor-version":[{"id":1636,"href":"https:\/\/isfdyt134-bue.infd.edu.ar\/sitio\/wp-json\/wp\/v2\/pages\/1612\/revisions\/1636"}],"wp:attachment":[{"href":"https:\/\/isfdyt134-bue.infd.edu.ar\/sitio\/wp-json\/wp\/v2\/media?parent=1612"}],"curies":[{"name":"wp","href":"https:\/\/api.w.org\/{rel}","templated":true}]}}