{"id":1646,"date":"2024-10-22T15:30:50","date_gmt":"2024-10-22T18:30:50","guid":{"rendered":"https:\/\/isfdyt134-bue.infd.edu.ar\/sitio\/?page_id=1646"},"modified":"2026-04-28T19:31:12","modified_gmt":"2026-04-28T22:31:12","slug":"biologia","status":"publish","type":"page","link":"https:\/\/isfdyt134-bue.infd.edu.ar\/sitio\/biologia\/","title":{"rendered":"Biolog\u00eda"},"content":{"rendered":"\n<div class=\"wp-block-group has-pale-ocean-gradient-background has-background is-layout-constrained\"><div class=\"wp-block-group__inner-container\">\n<h5 class=\"wp-block-heading\">Profesorado de<\/h5>\n\n\n\n<h1 class=\"wp-block-heading\">Biolog\u00eda<\/h1>\n\n\n\n<p><\/p>\n\n\n\n<div class=\"wp-block-columns is-layout-flex wp-container-5\">\n<div class=\"wp-block-column has-base-3-color has-text-color is-layout-flow\">\n<p><\/p>\n\n\n\n<p class=\"has-contrast-color has-text-color has-medium-font-size\"><strong>Si quer\u00e9s saber m\u00e1s sobre esta carrera, descarg\u00e1 su plan de estudios y consulta sus horarios de cursada.<\/strong><\/p>\n\n\n\n<div class=\"wp-block-buttons is-layout-flex\">\n<div class=\"wp-block-button\"><a class=\"wp-block-button__link wp-element-button\" href=\"https:\/\/isfdyt134-bue.infd.edu.ar\/sitio\/wp-content\/uploads\/2023\/06\/Plan-BIOLOGIA.pdf\" style=\"border-radius:20px\" target=\"_blank\" rel=\"noreferrer noopener\">Plan de estudios<\/a><\/div>\n\n\n\n<div class=\"wp-block-button\"><a class=\"wp-block-button__link wp-element-button\" href=\"https:\/\/isfdyt134-bue.infd.edu.ar\/sitio\/wp-content\/uploads\/2026\/04\/PROF.-BIOLOGIA-HORARIOS-2026-1.pdf\" style=\"border-radius:20px\" target=\"_blank\" rel=\"noreferrer noopener\">Horarios<\/a><\/div>\n<\/div>\n<\/div>\n\n\n\n<div class=\"wp-block-column is-layout-flow\">\n<figure class=\"wp-block-image size-full\"><img decoding=\"async\" loading=\"lazy\" width=\"736\" height=\"981\" src=\"https:\/\/isfdyt134-bue.infd.edu.ar\/sitio\/wp-content\/uploads\/2025\/06\/FotoBiologiaDos.jpg\" alt=\"\" class=\"wp-image-2251\"\/><\/figure>\n<\/div>\n\n\n\n<div class=\"wp-block-column is-layout-flow\">\n<figure class=\"wp-block-image size-full\"><img decoding=\"async\" loading=\"lazy\" width=\"360\" height=\"540\" src=\"https:\/\/isfdyt134-bue.infd.edu.ar\/sitio\/wp-content\/uploads\/2025\/06\/FotoBiologiaTres.jpg\" alt=\"\" class=\"wp-image-2252\"\/><\/figure>\n<\/div>\n<\/div>\n<\/div><\/div>\n","protected":false},"excerpt":{"rendered":"<p>Profesorado de Biolog\u00eda Si quer\u00e9s saber m\u00e1s sobre esta carrera, descarg\u00e1 su plan de estudios y consulta sus horarios de cursada.<\/p>\n","protected":false},"author":1615,"featured_media":0,"parent":0,"menu_order":0,"comment_status":"closed","ping_status":"closed","template":"","meta":[],"acf":[],"_links":{"self":[{"href":"https:\/\/isfdyt134-bue.infd.edu.ar\/sitio\/wp-json\/wp\/v2\/pages\/1646"}],"collection":[{"href":"https:\/\/isfdyt134-bue.infd.edu.ar\/sitio\/wp-json\/wp\/v2\/pages"}],"about":[{"href":"https:\/\/isfdyt134-bue.infd.edu.ar\/sitio\/wp-json\/wp\/v2\/types\/page"}],"author":[{"embeddable":true,"href":"https:\/\/isfdyt134-bue.infd.edu.ar\/sitio\/wp-json\/wp\/v2\/users\/1615"}],"replies":[{"embeddable":true,"href":"https:\/\/isfdyt134-bue.infd.edu.ar\/sitio\/wp-json\/wp\/v2\/comments?post=1646"}],"version-history":[{"count":23,"href":"https:\/\/isfdyt134-bue.infd.edu.ar\/sitio\/wp-json\/wp\/v2\/pages\/1646\/revisions"}],"predecessor-version":[{"id":2992,"href":"https:\/\/isfdyt134-bue.infd.edu.ar\/sitio\/wp-json\/wp\/v2\/pages\/1646\/revisions\/2992"}],"wp:attachment":[{"href":"https:\/\/isfdyt134-bue.infd.edu.ar\/sitio\/wp-json\/wp\/v2\/media?parent=1646"}],"curies":[{"name":"wp","href":"https:\/\/api.w.org\/{rel}","templated":true}]}}