{"id":1672,"date":"2024-10-22T15:35:05","date_gmt":"2024-10-22T18:35:05","guid":{"rendered":"https:\/\/isfdyt134-bue.infd.edu.ar\/sitio\/?page_id=1672"},"modified":"2026-04-17T18:05:51","modified_gmt":"2026-04-17T21:05:51","slug":"historia","status":"publish","type":"page","link":"https:\/\/isfdyt134-bue.infd.edu.ar\/sitio\/historia\/","title":{"rendered":"Historia"},"content":{"rendered":"\n<div class=\"wp-block-group has-background is-layout-constrained\" style=\"background:linear-gradient(135deg,rgba(194,106,0,0.66) 27%,rgb(207,183,45) 84%)\"><div class=\"wp-block-group__inner-container\">\n<h5 class=\"wp-block-heading\">Profesorado en<\/h5>\n\n\n\n<h1 class=\"wp-block-heading\">Historia<\/h1>\n\n\n\n<p><\/p>\n\n\n\n<div class=\"wp-block-columns is-layout-flex wp-container-5\">\n<div class=\"wp-block-column has-base-3-color has-text-color is-layout-flow\">\n<p><\/p>\n\n\n\n<p class=\"has-contrast-color has-text-color has-medium-font-size\"><strong>Si quer\u00e9s saber m\u00e1s sobre esta carrera, descarg\u00e1 su plan de estudios y consulta sus horarios de cursada.<\/strong><\/p>\n\n\n\n<div class=\"wp-block-buttons is-layout-flex\">\n<div class=\"wp-block-button\"><a class=\"wp-block-button__link wp-element-button\" href=\"https:\/\/isfdyt134-bue.infd.edu.ar\/sitio\/wp-content\/uploads\/2023\/06\/PlanHISTORIA.pdf\" style=\"border-radius:20px\" target=\"_blank\" rel=\"noreferrer noopener\">Plan de estudios<\/a><\/div>\n\n\n\n<div class=\"wp-block-button\"><a class=\"wp-block-button__link wp-element-button\" href=\"https:\/\/isfdyt134-bue.infd.edu.ar\/sitio\/wp-content\/uploads\/2026\/04\/PROF.-HISTORIA-HORARIOS-2026.pdf\" style=\"border-radius:20px\" target=\"_blank\" rel=\"noreferrer noopener\">Horarios<\/a><\/div>\n\n\n\n<div class=\"wp-block-button\"><a class=\"wp-block-button__link wp-element-button\" href=\"https:\/\/isfdyt134-bue.infd.edu.ar\/sitio\/wp-content\/uploads\/2025\/10\/Correlatividades-Historia.pdf\" style=\"border-radius:20px\" target=\"_blank\" rel=\"noreferrer noopener\">Correlativas<\/a><\/div>\n<\/div>\n<\/div>\n\n\n\n<div class=\"wp-block-column is-layout-flow\">\n<figure class=\"wp-block-image size-full\"><img decoding=\"async\" loading=\"lazy\" width=\"736\" height=\"1104\" src=\"https:\/\/isfdyt134-bue.infd.edu.ar\/sitio\/wp-content\/uploads\/2025\/06\/FotoHistoriaDos.jpg\" alt=\"\" class=\"wp-image-2256\" srcset=\"https:\/\/isfdyt134-bue.infd.edu.ar\/sitio\/wp-content\/uploads\/2025\/06\/FotoHistoriaDos.jpg 736w, https:\/\/isfdyt134-bue.infd.edu.ar\/sitio\/wp-content\/uploads\/2025\/06\/FotoHistoriaDos-667x1000.jpg 667w\" sizes=\"(max-width: 736px) 100vw, 736px\" \/><\/figure>\n<\/div>\n\n\n\n<div class=\"wp-block-column is-layout-flow\">\n<figure class=\"wp-block-image size-full\"><img decoding=\"async\" loading=\"lazy\" width=\"736\" height=\"1104\" src=\"https:\/\/isfdyt134-bue.infd.edu.ar\/sitio\/wp-content\/uploads\/2025\/06\/FotoHistoriaTres.jpg\" alt=\"\" class=\"wp-image-2257\" srcset=\"https:\/\/isfdyt134-bue.infd.edu.ar\/sitio\/wp-content\/uploads\/2025\/06\/FotoHistoriaTres.jpg 736w, https:\/\/isfdyt134-bue.infd.edu.ar\/sitio\/wp-content\/uploads\/2025\/06\/FotoHistoriaTres-667x1000.jpg 667w\" sizes=\"(max-width: 736px) 100vw, 736px\" \/><\/figure>\n<\/div>\n<\/div>\n<\/div><\/div>\n","protected":false},"excerpt":{"rendered":"<p>Profesorado en Historia Si quer\u00e9s saber m\u00e1s sobre esta carrera, descarg\u00e1 su plan de estudios y consulta sus horarios de cursada.<\/p>\n","protected":false},"author":1615,"featured_media":0,"parent":0,"menu_order":0,"comment_status":"closed","ping_status":"closed","template":"","meta":[],"acf":[],"_links":{"self":[{"href":"https:\/\/isfdyt134-bue.infd.edu.ar\/sitio\/wp-json\/wp\/v2\/pages\/1672"}],"collection":[{"href":"https:\/\/isfdyt134-bue.infd.edu.ar\/sitio\/wp-json\/wp\/v2\/pages"}],"about":[{"href":"https:\/\/isfdyt134-bue.infd.edu.ar\/sitio\/wp-json\/wp\/v2\/types\/page"}],"author":[{"embeddable":true,"href":"https:\/\/isfdyt134-bue.infd.edu.ar\/sitio\/wp-json\/wp\/v2\/users\/1615"}],"replies":[{"embeddable":true,"href":"https:\/\/isfdyt134-bue.infd.edu.ar\/sitio\/wp-json\/wp\/v2\/comments?post=1672"}],"version-history":[{"count":12,"href":"https:\/\/isfdyt134-bue.infd.edu.ar\/sitio\/wp-json\/wp\/v2\/pages\/1672\/revisions"}],"predecessor-version":[{"id":2966,"href":"https:\/\/isfdyt134-bue.infd.edu.ar\/sitio\/wp-json\/wp\/v2\/pages\/1672\/revisions\/2966"}],"wp:attachment":[{"href":"https:\/\/isfdyt134-bue.infd.edu.ar\/sitio\/wp-json\/wp\/v2\/media?parent=1672"}],"curies":[{"name":"wp","href":"https:\/\/api.w.org\/{rel}","templated":true}]}}