{"id":1684,"date":"2024-10-22T15:37:10","date_gmt":"2024-10-22T18:37:10","guid":{"rendered":"https:\/\/isfdyt134-bue.infd.edu.ar\/sitio\/?page_id=1684"},"modified":"2026-03-18T13:06:33","modified_gmt":"2026-03-18T16:06:33","slug":"geografia","status":"publish","type":"page","link":"https:\/\/isfdyt134-bue.infd.edu.ar\/sitio\/geografia\/","title":{"rendered":"Geograf\u00eda"},"content":{"rendered":"\n<div class=\"wp-block-group has-background is-layout-constrained\" style=\"background:linear-gradient(46deg,rgb(122,220,180) 56%,rgb(0,208,130) 68%)\"><div class=\"wp-block-group__inner-container\">\n<h5 class=\"wp-block-heading\">Profesorado en <\/h5>\n\n\n\n<h1 class=\"wp-block-heading\">Geograf\u00eda<\/h1>\n\n\n\n<p><\/p>\n\n\n\n<div class=\"wp-block-columns is-layout-flex wp-container-5\">\n<div class=\"wp-block-column has-base-3-color has-text-color is-layout-flow\">\n<p><\/p>\n\n\n\n<p class=\"has-contrast-color has-text-color has-medium-font-size\"><strong>Si quer\u00e9s saber m\u00e1s sobre esta carrera, descarg\u00e1 su plan de estudios y consulta sus horarios de cursada.<\/strong><\/p>\n\n\n\n<div class=\"wp-block-buttons is-layout-flex\">\n<div class=\"wp-block-button\"><a class=\"wp-block-button__link wp-element-button\" href=\"https:\/\/isfdyt134-bue.infd.edu.ar\/sitio\/wp-content\/uploads\/2023\/06\/PlanGEOGRAFIA.pdf\" style=\"border-radius:20px\" target=\"_blank\" rel=\"noreferrer noopener\">Plan de estudios<\/a><\/div>\n\n\n\n<div class=\"wp-block-button\"><a class=\"wp-block-button__link wp-element-button\" href=\"https:\/\/isfdyt134-bue.infd.edu.ar\/sitio\/wp-content\/uploads\/2026\/03\/PROF.-GEOGRAFIA-HORARIOS-2026-TODOS-2.pdf\" style=\"border-radius:20px\" target=\"_blank\" rel=\"noreferrer noopener\">Horarios<\/a><\/div>\n\n\n\n<div class=\"wp-block-button\"><a class=\"wp-block-button__link wp-element-button\" href=\"https:\/\/isfdyt134-bue.infd.edu.ar\/sitio\/wp-content\/uploads\/2025\/10\/Correlatividades-Geografia.pdf\" style=\"border-radius:20px\" target=\"_blank\" rel=\"noreferrer noopener\">Correlativas<\/a><\/div>\n<\/div>\n<\/div>\n\n\n\n<div class=\"wp-block-column is-layout-flow\">\n<figure class=\"wp-block-image size-full\"><img decoding=\"async\" loading=\"lazy\" width=\"736\" height=\"1201\" src=\"https:\/\/isfdyt134-bue.infd.edu.ar\/sitio\/wp-content\/uploads\/2025\/06\/FotoGeografiaUno.jpg\" alt=\"\" class=\"wp-image-2245\" srcset=\"https:\/\/isfdyt134-bue.infd.edu.ar\/sitio\/wp-content\/uploads\/2025\/06\/FotoGeografiaUno.jpg 736w, https:\/\/isfdyt134-bue.infd.edu.ar\/sitio\/wp-content\/uploads\/2025\/06\/FotoGeografiaUno-613x1000.jpg 613w\" sizes=\"(max-width: 736px) 100vw, 736px\" \/><\/figure>\n<\/div>\n\n\n\n<div class=\"wp-block-column is-layout-flow\">\n<figure class=\"wp-block-image size-full\"><img decoding=\"async\" loading=\"lazy\" width=\"675\" height=\"1200\" src=\"https:\/\/isfdyt134-bue.infd.edu.ar\/sitio\/wp-content\/uploads\/2025\/06\/FotoGeografiaDos.jpg\" alt=\"\" class=\"wp-image-2247\" srcset=\"https:\/\/isfdyt134-bue.infd.edu.ar\/sitio\/wp-content\/uploads\/2025\/06\/FotoGeografiaDos.jpg 675w, https:\/\/isfdyt134-bue.infd.edu.ar\/sitio\/wp-content\/uploads\/2025\/06\/FotoGeografiaDos-563x1000.jpg 563w\" sizes=\"(max-width: 675px) 100vw, 675px\" \/><\/figure>\n<\/div>\n<\/div>\n<\/div><\/div>\n","protected":false},"excerpt":{"rendered":"<p>Profesorado en Geograf\u00eda Si quer\u00e9s saber m\u00e1s sobre esta carrera, descarg\u00e1 su plan de estudios y consulta sus horarios de cursada.<\/p>\n","protected":false},"author":1615,"featured_media":0,"parent":0,"menu_order":0,"comment_status":"closed","ping_status":"closed","template":"","meta":[],"acf":[],"_links":{"self":[{"href":"https:\/\/isfdyt134-bue.infd.edu.ar\/sitio\/wp-json\/wp\/v2\/pages\/1684"}],"collection":[{"href":"https:\/\/isfdyt134-bue.infd.edu.ar\/sitio\/wp-json\/wp\/v2\/pages"}],"about":[{"href":"https:\/\/isfdyt134-bue.infd.edu.ar\/sitio\/wp-json\/wp\/v2\/types\/page"}],"author":[{"embeddable":true,"href":"https:\/\/isfdyt134-bue.infd.edu.ar\/sitio\/wp-json\/wp\/v2\/users\/1615"}],"replies":[{"embeddable":true,"href":"https:\/\/isfdyt134-bue.infd.edu.ar\/sitio\/wp-json\/wp\/v2\/comments?post=1684"}],"version-history":[{"count":11,"href":"https:\/\/isfdyt134-bue.infd.edu.ar\/sitio\/wp-json\/wp\/v2\/pages\/1684\/revisions"}],"predecessor-version":[{"id":2936,"href":"https:\/\/isfdyt134-bue.infd.edu.ar\/sitio\/wp-json\/wp\/v2\/pages\/1684\/revisions\/2936"}],"wp:attachment":[{"href":"https:\/\/isfdyt134-bue.infd.edu.ar\/sitio\/wp-json\/wp\/v2\/media?parent=1684"}],"curies":[{"name":"wp","href":"https:\/\/api.w.org\/{rel}","templated":true}]}}