{"id":1690,"date":"2024-10-22T15:41:24","date_gmt":"2024-10-22T18:41:24","guid":{"rendered":"https:\/\/isfdyt134-bue.infd.edu.ar\/sitio\/?page_id=1690"},"modified":"2026-04-27T20:28:44","modified_gmt":"2026-04-27T23:28:44","slug":"analisis-de-sistemas","status":"publish","type":"page","link":"https:\/\/isfdyt134-bue.infd.edu.ar\/sitio\/analisis-de-sistemas\/","title":{"rendered":"An\u00e1lisis de Sistemas"},"content":{"rendered":"\n<div class=\"wp-block-group has-background is-layout-constrained\" style=\"background:linear-gradient(18deg,rgb(6,147,227) 73%,rgb(155,81,224) 100%)\"><div class=\"wp-block-group__inner-container\">\n<h5 class=\"wp-block-heading has-contrast-color has-text-color\">Tecnicatura Superior en <\/h5>\n\n\n\n<h1 class=\"wp-block-heading has-contrast-color has-text-color\">An\u00e1lisis de Sistemas<\/h1>\n\n\n\n<p><\/p>\n\n\n\n<div class=\"wp-block-columns is-layout-flex wp-container-5\">\n<div class=\"wp-block-column has-base-3-color has-text-color is-layout-flow\">\n<p><\/p>\n\n\n\n<p class=\"has-contrast-color has-text-color has-medium-font-size\"><strong>Si quer\u00e9s saber m\u00e1s sobre esta carrera, descarg\u00e1 su plan de estudios y consulta sus horarios de cursada.<\/strong><\/p>\n\n\n\n<div class=\"wp-block-buttons is-layout-flex\">\n<div class=\"wp-block-button\"><a class=\"wp-block-button__link wp-element-button\" href=\"https:\/\/isfdyt134-bue.infd.edu.ar\/sitio\/wp-content\/uploads\/2023\/06\/PlanANALISTA.pdf\" style=\"border-radius:20px\" target=\"_blank\" rel=\"noreferrer noopener\">Plan de estudios<\/a><\/div>\n\n\n\n<div class=\"wp-block-button\"><a class=\"wp-block-button__link wp-element-button\" href=\"https:\/\/isfdyt134-bue.infd.edu.ar\/sitio\/wp-content\/uploads\/2026\/04\/TEC.-SUP.-ANALISTA-HORARIOS-2026-1.pdf\" style=\"border-radius:20px\" target=\"_blank\" rel=\"noreferrer noopener\">Horarios<\/a><\/div>\n\n\n\n<div class=\"wp-block-button\"><a class=\"wp-block-button__link wp-element-button\" href=\"https:\/\/isfdyt134-bue.infd.edu.ar\/sitio\/wp-content\/uploads\/2025\/10\/Correlatividades-Analista.pdf\" style=\"border-radius:20px\" target=\"_blank\" rel=\"noreferrer noopener\">Correlativas<\/a><\/div>\n<\/div>\n<\/div>\n\n\n\n<div class=\"wp-block-column is-layout-flow\">\n<figure class=\"wp-block-image size-large\"><img decoding=\"async\" loading=\"lazy\" width=\"1520\" height=\"1900\" src=\"https:\/\/isfdyt134-bue.infd.edu.ar\/sitio\/wp-content\/uploads\/2024\/10\/FotoAnalistaUno-1520x1900.jpeg\" alt=\"\" class=\"wp-image-1693\" srcset=\"https:\/\/isfdyt134-bue.infd.edu.ar\/sitio\/wp-content\/uploads\/2024\/10\/FotoAnalistaUno-1520x1900.jpeg 1520w, https:\/\/isfdyt134-bue.infd.edu.ar\/sitio\/wp-content\/uploads\/2024\/10\/FotoAnalistaUno-800x1000.jpeg 800w, https:\/\/isfdyt134-bue.infd.edu.ar\/sitio\/wp-content\/uploads\/2024\/10\/FotoAnalistaUno-768x960.jpeg 768w, https:\/\/isfdyt134-bue.infd.edu.ar\/sitio\/wp-content\/uploads\/2024\/10\/FotoAnalistaUno-1229x1536.jpeg 1229w, https:\/\/isfdyt134-bue.infd.edu.ar\/sitio\/wp-content\/uploads\/2024\/10\/FotoAnalistaUno-1638x2048.jpeg 1638w, https:\/\/isfdyt134-bue.infd.edu.ar\/sitio\/wp-content\/uploads\/2024\/10\/FotoAnalistaUno-scaled.jpeg 2048w\" sizes=\"(max-width: 1520px) 100vw, 1520px\" \/><\/figure>\n<\/div>\n\n\n\n<div class=\"wp-block-column is-layout-flow\">\n<figure class=\"wp-block-image size-full\"><img decoding=\"async\" loading=\"lazy\" width=\"800\" height=\"1000\" src=\"https:\/\/isfdyt134-bue.infd.edu.ar\/sitio\/wp-content\/uploads\/2024\/10\/FotoAnalistaDos.jpg\" alt=\"\" class=\"wp-image-1694\" srcset=\"https:\/\/isfdyt134-bue.infd.edu.ar\/sitio\/wp-content\/uploads\/2024\/10\/FotoAnalistaDos.jpg 800w, https:\/\/isfdyt134-bue.infd.edu.ar\/sitio\/wp-content\/uploads\/2024\/10\/FotoAnalistaDos-768x960.jpg 768w\" sizes=\"(max-width: 800px) 100vw, 800px\" \/><\/figure>\n<\/div>\n<\/div>\n<\/div><\/div>\n","protected":false},"excerpt":{"rendered":"<p>Tecnicatura Superior en An\u00e1lisis de Sistemas Si quer\u00e9s saber m\u00e1s sobre esta carrera, descarg\u00e1 su plan de estudios y consulta sus horarios de cursada.<\/p>\n","protected":false},"author":1615,"featured_media":0,"parent":0,"menu_order":0,"comment_status":"closed","ping_status":"closed","template":"","meta":[],"acf":[],"_links":{"self":[{"href":"https:\/\/isfdyt134-bue.infd.edu.ar\/sitio\/wp-json\/wp\/v2\/pages\/1690"}],"collection":[{"href":"https:\/\/isfdyt134-bue.infd.edu.ar\/sitio\/wp-json\/wp\/v2\/pages"}],"about":[{"href":"https:\/\/isfdyt134-bue.infd.edu.ar\/sitio\/wp-json\/wp\/v2\/types\/page"}],"author":[{"embeddable":true,"href":"https:\/\/isfdyt134-bue.infd.edu.ar\/sitio\/wp-json\/wp\/v2\/users\/1615"}],"replies":[{"embeddable":true,"href":"https:\/\/isfdyt134-bue.infd.edu.ar\/sitio\/wp-json\/wp\/v2\/comments?post=1690"}],"version-history":[{"count":12,"href":"https:\/\/isfdyt134-bue.infd.edu.ar\/sitio\/wp-json\/wp\/v2\/pages\/1690\/revisions"}],"predecessor-version":[{"id":2991,"href":"https:\/\/isfdyt134-bue.infd.edu.ar\/sitio\/wp-json\/wp\/v2\/pages\/1690\/revisions\/2991"}],"wp:attachment":[{"href":"https:\/\/isfdyt134-bue.infd.edu.ar\/sitio\/wp-json\/wp\/v2\/media?parent=1690"}],"curies":[{"name":"wp","href":"https:\/\/api.w.org\/{rel}","templated":true}]}}