{"id":1769,"date":"2024-10-22T22:47:06","date_gmt":"2024-10-23T01:47:06","guid":{"rendered":"https:\/\/isfdyt134-bue.infd.edu.ar\/sitio\/?page_id=1769"},"modified":"2025-09-26T19:55:52","modified_gmt":"2025-09-26T22:55:52","slug":"biblioteca","status":"publish","type":"page","link":"https:\/\/isfdyt134-bue.infd.edu.ar\/sitio\/biblioteca\/","title":{"rendered":"Biblioteca"},"content":{"rendered":"\n<figure class=\"wp-block-image size-large\"><img decoding=\"async\" loading=\"lazy\" width=\"1900\" height=\"1082\" src=\"https:\/\/isfdyt134-bue.infd.edu.ar\/sitio\/wp-content\/uploads\/2025\/06\/Foto-Biblioteca-1900x1082.jpg\" alt=\"\" class=\"wp-image-2219\" srcset=\"https:\/\/isfdyt134-bue.infd.edu.ar\/sitio\/wp-content\/uploads\/2025\/06\/Foto-Biblioteca-1900x1082.jpg 1900w, https:\/\/isfdyt134-bue.infd.edu.ar\/sitio\/wp-content\/uploads\/2025\/06\/Foto-Biblioteca-1000x569.jpg 1000w, https:\/\/isfdyt134-bue.infd.edu.ar\/sitio\/wp-content\/uploads\/2025\/06\/Foto-Biblioteca-768x437.jpg 768w, https:\/\/isfdyt134-bue.infd.edu.ar\/sitio\/wp-content\/uploads\/2025\/06\/Foto-Biblioteca-1536x875.jpg 1536w, https:\/\/isfdyt134-bue.infd.edu.ar\/sitio\/wp-content\/uploads\/2025\/06\/Foto-Biblioteca-2048x1166.jpg 2048w\" sizes=\"(max-width: 1900px) 100vw, 1900px\" \/><\/figure>\n\n\n\n<p><strong>La biblioteca posee un amplio fondo bibliogr\u00e1fico, variado de valor cultural.<\/strong><\/p>\n\n\n\n<p><strong>Es un espacio amplio y c\u00e1lido que cuenta con servicio de internet y una pantalla de proyecci\u00f3n de 65 pulgadas, adquirida recientemente.<\/strong><\/p>\n\n\n\n<p><\/p>\n\n\n\n<h3 class=\"wp-block-heading has-text-align-center\">Bibliotecarias de Nivel Superior<\/h3>\n\n\n\n<p><\/p>\n\n\n\n<div class=\"wp-block-columns is-layout-flex wp-container-3\">\n<div class=\"wp-block-column is-layout-flow\">\n<p class=\"has-text-align-center\"><strong>Evangelina Rojas<br><\/strong>Bibliotec\u00f3loga &#8211; Prof. de 1er y 2do Ciclo de EGB  <\/p>\n<\/div>\n\n\n\n<div class=\"wp-block-column is-layout-flow\">\n<p class=\"has-text-align-center\"><strong>Carla Cecilia D\u00edaz<\/strong><br>Bibliotecaria &#8211; Prof. en lengua y Literatura<\/p>\n<\/div>\n<\/div>\n\n\n\n<div class=\"wp-block-columns is-layout-flex wp-container-6\">\n<div class=\"wp-block-column is-layout-flow\" style=\"flex-basis:66.66%\">\n<h4 class=\"wp-block-heading\">Pr\u00e9stamos<\/h4>\n\n\n\n<ul id=\"prueba\">\n<li>Para&nbsp;solicitar&nbsp;libros,&nbsp;se&nbsp;debe&nbsp;ser&nbsp;miembro&nbsp;de&nbsp;la&nbsp;unidad&nbsp;acad\u00e9mica.<\/li>\n\n\n\n<li>Los&nbsp;pr\u00e9stamos&nbsp;tienen&nbsp;una&nbsp;duraci\u00f3n&nbsp;de&nbsp;15&nbsp;d\u00edas,&nbsp;con&nbsp;posibilidad&nbsp;de&nbsp;renovaci\u00f3n.<\/li>\n\n\n\n<li>En&nbsp;caso&nbsp;de&nbsp;extrav\u00edo,&nbsp;se&nbsp;deber\u00e1&nbsp;reponer&nbsp;el&nbsp;mismo&nbsp;libro&nbsp;o,&nbsp;de&nbsp;no&nbsp;ser&nbsp;posible,&nbsp;un&nbsp;ejemplar&nbsp;similar&nbsp;relacionado.<\/li>\n<\/ul>\n<\/div>\n\n\n\n<div class=\"wp-block-column is-layout-flow\" style=\"flex-basis:33.33%\">\n<h4 class=\"wp-block-heading\">Contacto<\/h4>\n\n\n\n<p style=\"font-size:18px\"><img decoding=\"async\" class=\"wp-image-1771\" style=\"width: 24px;\" src=\"https:\/\/isfdyt134-bue.infd.edu.ar\/sitio\/wp-content\/uploads\/2024\/10\/image.png\" alt=\"\"> <strong><a href=\"mailto:134.biblioteca@gmail.com\">134.biblioteca@gmail.com<\/a><\/strong><\/p>\n\n\n\n<p style=\"font-size:18px\"><\/p>\n<\/div>\n<\/div>\n\n\n\n<div class=\"wp-block-columns has-background is-layout-flex wp-container-20\" style=\"border-width:5px;border-radius:20px;background:linear-gradient(240deg,rgb(108,189,236) 0%,rgb(181,156,209) 100%)\">\n<div class=\"wp-block-column is-style-default is-layout-flow\">\n<details class=\"wp-block-details\"><summary>Conoc\u00e9 un poco de la Historia de nuestra Biblioteca<\/summary>\n\n<div class=\"wp-block-columns has-background is-layout-flex wp-container-9\" style=\"border-radius:20px;background:linear-gradient(120deg,rgba(6,147,227,1) 0%,rgb(155,81,224) 100%)\">\n\n<div class=\"wp-block-column is-layout-flow\" style=\"flex-basis:33.33%\">\n\n<p>La biblioteca fue fundada en 1910 por Sarfield Escobar, en el transcurso del tiempo se ha ido enriqueciendo por el aporte comunitario. En la actualidad, se reciben colecciones por parte de la DGCYE y de particulares.<\/p>\n\n<\/div>\n\n\n<div class=\"wp-block-column is-layout-flow\" style=\"flex-basis:66.66%\">\n\n<figure class=\"wp-block-image size-medium\"><img decoding=\"async\" src=\"https:\/\/agusdelax.wordpress.com\/wp-content\/uploads\/2025\/09\/enal-en-costruccion.jpg?w=300\" alt=\"\" class=\"wp-image-137\" style=\"aspect-ratio:3\/2;object-fit:cover\"><\/figure>\n\n\n<figure class=\"wp-block-image size-medium\"><img decoding=\"async\" src=\"https:\/\/agusdelax.wordpress.com\/wp-content\/uploads\/2025\/09\/1000184443-01.jpeg?w=300\" alt=\"\" class=\"wp-image-139\" style=\"aspect-ratio:3\/2;object-fit:cover\"><\/figure>\n\n<\/div>\n\n<\/div>\n\n\n<div class=\"wp-block-columns has-background is-layout-flex wp-container-12\" style=\"border-radius:20px;background:linear-gradient(120deg,rgba(6,147,227,1) 0%,rgb(155,81,224) 100%)\">\n\n<div class=\"wp-block-column is-layout-flow\" style=\"flex-basis:66.66%\">\n\n<figure class=\"wp-block-image size-medium\"><img decoding=\"async\" src=\"https:\/\/agusdelax.wordpress.com\/wp-content\/uploads\/2025\/09\/enal-desde-arriba.jpg?w=300\" alt=\"\" class=\"wp-image-121\" style=\"aspect-ratio:3\/2;object-fit:cover\"><\/figure>\n\n\n<figure class=\"wp-block-image size-medium\"><img decoding=\"async\" src=\"https:\/\/agusdelax.wordpress.com\/wp-content\/uploads\/2025\/09\/vlcsnap-2025-09-12-19h45m31s761.png?w=300\" alt=\"\" class=\"wp-image-122\" style=\"aspect-ratio:3\/2;object-fit:cover\"><\/figure>\n\n<\/div>\n\n\n<div class=\"wp-block-column is-layout-flow\" style=\"flex-basis:33.33%\">\n\n<p>A lo largo de los a\u00f1os, la biblioteca fue creciendo en material bibliogr\u00e1fico que, adem\u00e1s cuenta con sector destinado a obras de autores linque\u00f1os. <\/p>\n\n<\/div>\n\n<\/div>\n\n\n<div class=\"wp-block-columns has-background is-layout-flex wp-container-15\" style=\"border-radius:20px;background:linear-gradient(120deg,rgba(6,147,227,1) 0%,rgb(155,81,224) 100%)\">\n\n<div class=\"wp-block-column is-layout-flow\" style=\"flex-basis:33.33%\">\n\n<p>&nbsp;&nbsp;&nbsp; La biblioteca es un espacio amplio y c\u00e1lido utilizado como lugar de estudio. Cuenta con servicio de internet, una pantalla de proyecci\u00f3n&nbsp; de 65 pulgadas y una pizarra blanca Drop para marcador, adquiridas recientemente<\/p>\n\n<\/div>\n\n\n<div class=\"wp-block-column is-layout-flow\" style=\"flex-basis:66.66%\">\n\n<figure class=\"wp-block-image size-medium\"><img decoding=\"async\" src=\"https:\/\/agusdelax.wordpress.com\/wp-content\/uploads\/2025\/09\/biblioteca-uno.jpg?w=300\" alt=\"\" class=\"wp-image-132\" style=\"aspect-ratio:3\/2;object-fit:cover\"><\/figure>\n\n\n<figure class=\"wp-block-image size-medium\"><img decoding=\"async\" src=\"https:\/\/agusdelax.wordpress.com\/wp-content\/uploads\/2025\/09\/c2a1ocipex-en-la-biblio-f09f939af09f938adesde-este-centro-de-estudiantes-en-conjunto-con-el-equipo-directivo-y1.jpg?w=300\" alt=\"\" class=\"wp-image-133\" style=\"aspect-ratio:3\/2;object-fit:cover\"><\/figure>\n\n<\/div>\n\n<\/div>\n\n\n<div class=\"wp-block-columns has-background is-layout-flex wp-container-18\" style=\"border-radius:20px;background:linear-gradient(120deg,rgba(6,147,227,1) 0%,rgb(155,81,224) 100%)\">\n\n<div class=\"wp-block-column is-layout-flow\" style=\"flex-basis:66.66%\">\n\n<figure class=\"wp-block-image size-medium\"><img decoding=\"async\" src=\"https:\/\/agusdelax.wordpress.com\/wp-content\/uploads\/2025\/09\/biblioteca-cinco.jpg?w=300\" alt=\"\" class=\"wp-image-135\" style=\"aspect-ratio:3\/2;object-fit:cover\"><\/figure>\n\n\n<figure class=\"wp-block-image size-medium\"><img decoding=\"async\" src=\"https:\/\/agusdelax.wordpress.com\/wp-content\/uploads\/2025\/09\/c2a1ocipex-en-la-biblio-f09f939af09f938adesde-este-centro-de-estudiantes-en-conjunto-con-el-equipo-directivo-y.jpg?w=300\" alt=\"\" class=\"wp-image-134\" style=\"aspect-ratio:3\/2;object-fit:cover\"><\/figure>\n\n<\/div>\n\n\n<div class=\"wp-block-column is-layout-flow\" style=\"flex-basis:33.33%\">\n\n<p>Los servicios de prestaci\u00f3n son de consulta de materiales en sala, pr\u00e9stamos de aula y domicilio.<\/p>\n\n\n<p>Permanece abierta durante los tres turnos en los que funciona la Unidad Acad\u00e9mica, y cuenta con cuatro bibliotecarias para su atenci\u00f3n.<\/p>\n\n<\/div>\n\n<\/div>\n\n<\/details>\n<\/div>\n<\/div>\n","protected":false},"excerpt":{"rendered":"<p>La biblioteca posee un amplio fondo bibliogr\u00e1fico, variado de valor cultural. Es un espacio amplio y c\u00e1lido que cuenta con servicio de internet y una pantalla de proyecci\u00f3n de 65 pulgadas, adquirida recientemente. Bibliotecarias de Nivel Superior Evangelina RojasBibliotec\u00f3loga &#8211; Prof. de 1er y 2do Ciclo de EGB Carla Cecilia D\u00edazBibliotecaria &#8211; Prof. en lengua &#8230; <a title=\"Biblioteca\" class=\"read-more\" href=\"https:\/\/isfdyt134-bue.infd.edu.ar\/sitio\/biblioteca\/\" aria-label=\"More on Biblioteca\">[+]<\/a><\/p>\n","protected":false},"author":1615,"featured_media":0,"parent":0,"menu_order":0,"comment_status":"closed","ping_status":"closed","template":"","meta":[],"acf":[],"_links":{"self":[{"href":"https:\/\/isfdyt134-bue.infd.edu.ar\/sitio\/wp-json\/wp\/v2\/pages\/1769"}],"collection":[{"href":"https:\/\/isfdyt134-bue.infd.edu.ar\/sitio\/wp-json\/wp\/v2\/pages"}],"about":[{"href":"https:\/\/isfdyt134-bue.infd.edu.ar\/sitio\/wp-json\/wp\/v2\/types\/page"}],"author":[{"embeddable":true,"href":"https:\/\/isfdyt134-bue.infd.edu.ar\/sitio\/wp-json\/wp\/v2\/users\/1615"}],"replies":[{"embeddable":true,"href":"https:\/\/isfdyt134-bue.infd.edu.ar\/sitio\/wp-json\/wp\/v2\/comments?post=1769"}],"version-history":[{"count":11,"href":"https:\/\/isfdyt134-bue.infd.edu.ar\/sitio\/wp-json\/wp\/v2\/pages\/1769\/revisions"}],"predecessor-version":[{"id":2608,"href":"https:\/\/isfdyt134-bue.infd.edu.ar\/sitio\/wp-json\/wp\/v2\/pages\/1769\/revisions\/2608"}],"wp:attachment":[{"href":"https:\/\/isfdyt134-bue.infd.edu.ar\/sitio\/wp-json\/wp\/v2\/media?parent=1769"}],"curies":[{"name":"wp","href":"https:\/\/api.w.org\/{rel}","templated":true}]}}