{"id":1789,"date":"2024-10-23T16:35:25","date_gmt":"2024-10-23T19:35:25","guid":{"rendered":"https:\/\/isfdyt134-bue.infd.edu.ar\/sitio\/?page_id=1789"},"modified":"2026-03-10T08:39:42","modified_gmt":"2026-03-10T11:39:42","slug":"economia","status":"publish","type":"page","link":"https:\/\/isfdyt134-bue.infd.edu.ar\/sitio\/economia\/","title":{"rendered":"Econom\u00eda"},"content":{"rendered":"\n<div class=\"wp-block-group has-background is-layout-constrained\" style=\"background:linear-gradient(213deg,rgb(121,149,219) 0%,rgb(0,208,130) 100%)\"><div class=\"wp-block-group__inner-container\">\n<h5 class=\"wp-block-heading\">Profesorado en<\/h5>\n\n\n\n<h1 class=\"wp-block-heading\">Econom\u00eda<\/h1>\n\n\n\n<p><\/p>\n\n\n\n<div class=\"wp-block-columns is-layout-flex wp-container-5\">\n<div class=\"wp-block-column has-base-3-color has-text-color is-layout-flow\">\n<p><\/p>\n\n\n\n<p class=\"has-contrast-color has-text-color has-medium-font-size\"><strong>Si quer\u00e9s saber m\u00e1s sobre esta carrera, descarg\u00e1 su plan de estudios y consulta sus horarios de cursada.<\/strong><\/p>\n\n\n\n<div class=\"wp-block-buttons is-layout-flex\">\n<div class=\"wp-block-button\"><a class=\"wp-block-button__link wp-element-button\" href=\"https:\/\/abc.gob.ar\/secretarias\/sites\/default\/files\/2024-03\/Economia.pdf\" style=\"border-radius:20px\" target=\"_blank\" rel=\"noreferrer noopener\">Plan de estudios<\/a><\/div>\n\n\n\n<div class=\"wp-block-button\"><a class=\"wp-block-button__link wp-element-button\" href=\"https:\/\/isfdyt134-bue.infd.edu.ar\/sitio\/wp-content\/uploads\/2026\/03\/PROF.-ECONOMIA-HORARIOS-2026.pdf\" style=\"border-radius:20px\" target=\"_blank\" rel=\"noreferrer noopener\">Horarios<\/a><\/div>\n\n\n\n<div class=\"wp-block-button\"><a class=\"wp-block-button__link wp-element-button\" href=\"https:\/\/isfdyt134-bue.infd.edu.ar\/sitio\/wp-content\/uploads\/2025\/10\/Correlatividades-Economia.pdf\" style=\"border-radius:20px\">Correlativas<\/a><\/div>\n<\/div>\n<\/div>\n\n\n\n<div class=\"wp-block-column is-layout-flow\">\n<figure class=\"wp-block-image size-full\"><img decoding=\"async\" loading=\"lazy\" width=\"474\" height=\"711\" src=\"https:\/\/isfdyt134-bue.infd.edu.ar\/sitio\/wp-content\/uploads\/2024\/10\/FotoUnoEconimia.jpg\" alt=\"\" class=\"wp-image-1791\"\/><\/figure>\n<\/div>\n\n\n\n<div class=\"wp-block-column is-layout-flow\">\n<figure class=\"wp-block-image size-full\"><img decoding=\"async\" loading=\"lazy\" width=\"236\" height=\"353\" src=\"https:\/\/isfdyt134-bue.infd.edu.ar\/sitio\/wp-content\/uploads\/2024\/10\/FotoDosEconomia.jpg\" alt=\"\" class=\"wp-image-1792\"\/><\/figure>\n<\/div>\n<\/div>\n<\/div><\/div>\n","protected":false},"excerpt":{"rendered":"<p>Profesorado en Econom\u00eda Si quer\u00e9s saber m\u00e1s sobre esta carrera, descarg\u00e1 su plan de estudios y consulta sus horarios de cursada.<\/p>\n","protected":false},"author":1615,"featured_media":0,"parent":0,"menu_order":0,"comment_status":"closed","ping_status":"closed","template":"","meta":[],"acf":[],"_links":{"self":[{"href":"https:\/\/isfdyt134-bue.infd.edu.ar\/sitio\/wp-json\/wp\/v2\/pages\/1789"}],"collection":[{"href":"https:\/\/isfdyt134-bue.infd.edu.ar\/sitio\/wp-json\/wp\/v2\/pages"}],"about":[{"href":"https:\/\/isfdyt134-bue.infd.edu.ar\/sitio\/wp-json\/wp\/v2\/types\/page"}],"author":[{"embeddable":true,"href":"https:\/\/isfdyt134-bue.infd.edu.ar\/sitio\/wp-json\/wp\/v2\/users\/1615"}],"replies":[{"embeddable":true,"href":"https:\/\/isfdyt134-bue.infd.edu.ar\/sitio\/wp-json\/wp\/v2\/comments?post=1789"}],"version-history":[{"count":19,"href":"https:\/\/isfdyt134-bue.infd.edu.ar\/sitio\/wp-json\/wp\/v2\/pages\/1789\/revisions"}],"predecessor-version":[{"id":2861,"href":"https:\/\/isfdyt134-bue.infd.edu.ar\/sitio\/wp-json\/wp\/v2\/pages\/1789\/revisions\/2861"}],"wp:attachment":[{"href":"https:\/\/isfdyt134-bue.infd.edu.ar\/sitio\/wp-json\/wp\/v2\/media?parent=1789"}],"curies":[{"name":"wp","href":"https:\/\/api.w.org\/{rel}","templated":true}]}}