{"id":2318,"date":"2025-07-11T21:07:29","date_gmt":"2025-07-12T00:07:29","guid":{"rendered":"https:\/\/isfdyt134-bue.infd.edu.ar\/sitio\/?page_id=2318"},"modified":"2025-07-18T20:08:22","modified_gmt":"2025-07-18T23:08:22","slug":"nivel-inicial","status":"publish","type":"page","link":"https:\/\/isfdyt134-bue.infd.edu.ar\/sitio\/nivel-inicial\/","title":{"rendered":"Nivel Inicial"},"content":{"rendered":"\n<div class=\"wp-block-columns is-layout-flex wp-container-4\">\n<div class=\"wp-block-column is-layout-flow\">\n<p class=\"has-text-align-center\" style=\"font-size:45px\"><strong><em>Nivel inicial<\/em><\/strong><\/p>\n\n\n<div class=\"wp-block-image\">\n<figure class=\"aligncenter size-large is-resized\"><img decoding=\"async\" loading=\"lazy\" src=\"https:\/\/isfdyt134-bue.infd.edu.ar\/sitio\/wp-content\/uploads\/2025\/07\/nivelinicial1-1900x1266.jpeg\" alt=\"\" class=\"wp-image-2319\" width=\"674\" height=\"448\" srcset=\"https:\/\/isfdyt134-bue.infd.edu.ar\/sitio\/wp-content\/uploads\/2025\/07\/nivelinicial1-1900x1266.jpeg 1900w, https:\/\/isfdyt134-bue.infd.edu.ar\/sitio\/wp-content\/uploads\/2025\/07\/nivelinicial1-768x512.jpeg 768w, https:\/\/isfdyt134-bue.infd.edu.ar\/sitio\/wp-content\/uploads\/2025\/07\/nivelinicial1-1536x1024.jpeg 1536w, https:\/\/isfdyt134-bue.infd.edu.ar\/sitio\/wp-content\/uploads\/2025\/07\/nivelinicial1.jpeg 2048w\" sizes=\"(max-width: 674px) 100vw, 674px\" \/><\/figure><\/div>\n\n\n<p><\/p>\n\n\n\n<p><strong>En el nivel inicial acompa\u00f1amos a los ni\u00f1os y ni\u00f1as en sus primeros pasos en la escuela, brind\u00e1ndoles un espacio de juego, aprendizaje y contenci\u00f3n.<\/strong> <strong>Fomentamos la curiosidad, la expresi\u00f3n y el desarrollo integral en un ambiente c\u00e1lido, seguro y lleno de afecto.<\/strong><\/p>\n\n\n\n<p class=\"has-text-align-center\" style=\"font-size:34px\">Autoridades<\/p>\n\n\n\n<div class=\"wp-block-columns is-layout-flex wp-container-2\">\n<div class=\"wp-block-column is-layout-flow\">\n<p class=\"has-text-align-center\"><strong>Danila Dallacamina<\/strong><br>Directora<\/p>\n<\/div>\n<\/div>\n<\/div>\n<\/div>\n\n\n\n<figure class=\"wp-block-image size-full\"><a href=\"https:\/\/www.instagram.com\/jardin_de_infantes_915_enal?igsh=cnhpMGw2aGFxYW40\" target=\"_blank\" rel=\"noreferrer noopener\"><img decoding=\"async\" loading=\"lazy\" width=\"894\" height=\"352\" src=\"https:\/\/isfdyt134-bue.infd.edu.ar\/sitio\/wp-content\/uploads\/2025\/07\/image-1.png\" alt=\"\" class=\"wp-image-2383\" srcset=\"https:\/\/isfdyt134-bue.infd.edu.ar\/sitio\/wp-content\/uploads\/2025\/07\/image-1.png 894w, https:\/\/isfdyt134-bue.infd.edu.ar\/sitio\/wp-content\/uploads\/2025\/07\/image-1-768x302.png 768w\" sizes=\"(max-width: 894px) 100vw, 894px\" \/><\/a><\/figure>\n","protected":false},"excerpt":{"rendered":"<p>Nivel inicial En el nivel inicial acompa\u00f1amos a los ni\u00f1os y ni\u00f1as en sus primeros pasos en la escuela, brind\u00e1ndoles un espacio de juego, aprendizaje y contenci\u00f3n. Fomentamos la curiosidad, la expresi\u00f3n y el desarrollo integral en un ambiente c\u00e1lido, seguro y lleno de afecto. Autoridades Danila DallacaminaDirectora<\/p>\n","protected":false},"author":1615,"featured_media":0,"parent":0,"menu_order":0,"comment_status":"closed","ping_status":"closed","template":"","meta":[],"acf":[],"_links":{"self":[{"href":"https:\/\/isfdyt134-bue.infd.edu.ar\/sitio\/wp-json\/wp\/v2\/pages\/2318"}],"collection":[{"href":"https:\/\/isfdyt134-bue.infd.edu.ar\/sitio\/wp-json\/wp\/v2\/pages"}],"about":[{"href":"https:\/\/isfdyt134-bue.infd.edu.ar\/sitio\/wp-json\/wp\/v2\/types\/page"}],"author":[{"embeddable":true,"href":"https:\/\/isfdyt134-bue.infd.edu.ar\/sitio\/wp-json\/wp\/v2\/users\/1615"}],"replies":[{"embeddable":true,"href":"https:\/\/isfdyt134-bue.infd.edu.ar\/sitio\/wp-json\/wp\/v2\/comments?post=2318"}],"version-history":[{"count":9,"href":"https:\/\/isfdyt134-bue.infd.edu.ar\/sitio\/wp-json\/wp\/v2\/pages\/2318\/revisions"}],"predecessor-version":[{"id":2384,"href":"https:\/\/isfdyt134-bue.infd.edu.ar\/sitio\/wp-json\/wp\/v2\/pages\/2318\/revisions\/2384"}],"wp:attachment":[{"href":"https:\/\/isfdyt134-bue.infd.edu.ar\/sitio\/wp-json\/wp\/v2\/media?parent=2318"}],"curies":[{"name":"wp","href":"https:\/\/api.w.org\/{rel}","templated":true}]}}