{"id":2326,"date":"2025-07-11T21:08:44","date_gmt":"2025-07-12T00:08:44","guid":{"rendered":"https:\/\/isfdyt134-bue.infd.edu.ar\/sitio\/?page_id=2326"},"modified":"2025-07-18T20:09:45","modified_gmt":"2025-07-18T23:09:45","slug":"nivel-primario-2","status":"publish","type":"page","link":"https:\/\/isfdyt134-bue.infd.edu.ar\/sitio\/nivel-primario-2\/","title":{"rendered":"Nivel primario"},"content":{"rendered":"\n<div class=\"wp-block-columns is-layout-flex wp-container-5\">\n<div class=\"wp-block-column is-layout-flow\">\n<p class=\"has-text-align-center\" style=\"font-size:45px\"><strong>Nivel primario<\/strong><\/p>\n\n\n<div class=\"wp-block-image\">\n<figure class=\"aligncenter size-full is-resized\"><img decoding=\"async\" loading=\"lazy\" src=\"https:\/\/isfdyt134-bue.infd.edu.ar\/sitio\/wp-content\/uploads\/2025\/07\/nivelprimario3.jpg\" alt=\"\" class=\"wp-image-2328\" width=\"764\" height=\"510\"\/><\/figure><\/div>\n\n\n<p><\/p>\n\n\n\n<p><strong>En el nivel primario promovemos aprendizajes significativos que acompa\u00f1an al crecimiento de cada estudiante. Fomentamos la autonom\u00eda, prensamiento cr\u00edtico y el trabajo en equipo, en un ambiente donde el respeto, la creatividad y la alegr\u00eda de aprender est\u00e1n siempre presentes.<\/strong><\/p>\n\n\n\n<p class=\"has-text-align-center\" style=\"font-size:34px\"><strong>Autoridades<\/strong><\/p>\n\n\n\n<div class=\"wp-block-columns is-layout-flex wp-container-3\">\n<div class=\"wp-block-column is-layout-flow\">\n<p class=\"has-text-align-center\"><strong>Marcela Giovanella<\/strong><br>Directora<\/p>\n<\/div>\n\n\n\n<div class=\"wp-block-column is-layout-flow\">\n<p class=\"has-text-align-center\"><strong>Valeria Casanovas<\/strong><br>Vicedirectora<\/p>\n<\/div>\n<\/div>\n<\/div>\n<\/div>\n\n\n\n<figure class=\"wp-block-image size-full\"><a href=\"https:\/\/www.instagram.com\/ep64abrahamlincoln?igsh=NWV3NHg4N3h0MHpl\" target=\"_blank\" rel=\"noreferrer noopener\"><img decoding=\"async\" loading=\"lazy\" width=\"986\" height=\"249\" src=\"https:\/\/isfdyt134-bue.infd.edu.ar\/sitio\/wp-content\/uploads\/2025\/07\/image-2.png\" alt=\"\" class=\"wp-image-2385\" srcset=\"https:\/\/isfdyt134-bue.infd.edu.ar\/sitio\/wp-content\/uploads\/2025\/07\/image-2.png 986w, https:\/\/isfdyt134-bue.infd.edu.ar\/sitio\/wp-content\/uploads\/2025\/07\/image-2-768x194.png 768w\" sizes=\"(max-width: 986px) 100vw, 986px\" \/><\/a><\/figure>\n","protected":false},"excerpt":{"rendered":"<p>Nivel primario En el nivel primario promovemos aprendizajes significativos que acompa\u00f1an al crecimiento de cada estudiante. Fomentamos la autonom\u00eda, prensamiento cr\u00edtico y el trabajo en equipo, en un ambiente donde el respeto, la creatividad y la alegr\u00eda de aprender est\u00e1n siempre presentes. Autoridades Marcela GiovanellaDirectora Valeria CasanovasVicedirectora<\/p>\n","protected":false},"author":1615,"featured_media":0,"parent":0,"menu_order":0,"comment_status":"closed","ping_status":"closed","template":"","meta":[],"acf":[],"_links":{"self":[{"href":"https:\/\/isfdyt134-bue.infd.edu.ar\/sitio\/wp-json\/wp\/v2\/pages\/2326"}],"collection":[{"href":"https:\/\/isfdyt134-bue.infd.edu.ar\/sitio\/wp-json\/wp\/v2\/pages"}],"about":[{"href":"https:\/\/isfdyt134-bue.infd.edu.ar\/sitio\/wp-json\/wp\/v2\/types\/page"}],"author":[{"embeddable":true,"href":"https:\/\/isfdyt134-bue.infd.edu.ar\/sitio\/wp-json\/wp\/v2\/users\/1615"}],"replies":[{"embeddable":true,"href":"https:\/\/isfdyt134-bue.infd.edu.ar\/sitio\/wp-json\/wp\/v2\/comments?post=2326"}],"version-history":[{"count":6,"href":"https:\/\/isfdyt134-bue.infd.edu.ar\/sitio\/wp-json\/wp\/v2\/pages\/2326\/revisions"}],"predecessor-version":[{"id":2386,"href":"https:\/\/isfdyt134-bue.infd.edu.ar\/sitio\/wp-json\/wp\/v2\/pages\/2326\/revisions\/2386"}],"wp:attachment":[{"href":"https:\/\/isfdyt134-bue.infd.edu.ar\/sitio\/wp-json\/wp\/v2\/media?parent=2326"}],"curies":[{"name":"wp","href":"https:\/\/api.w.org\/{rel}","templated":true}]}}